{"id":7966,"date":"2024-05-06T15:52:40","date_gmt":"2024-05-06T13:52:40","guid":{"rendered":"https:\/\/handballshop.hu\/?post_type=product&#038;p=7966"},"modified":"2025-04-15T22:58:52","modified_gmt":"2025-04-15T20:58:52","slug":"the-anatomy-of-refereeing","status":"publish","type":"product","link":"https:\/\/handballshop.hu\/en\/termek\/the-anatomy-of-refereeing\/","title":{"rendered":"The Anatomy of Refereeing"},"content":{"rendered":"","protected":false},"excerpt":{"rendered":"<p>Referees can easily come under fire during a match, as they have to make objective and lawful decisions in a split second, often in situations that, when viewed from the comfort of the spectators&#8217; seats, do not seem clear or easy to judge and often generate controversy even among professionals.<\/p>\n<p>By looking through Dr. K\u00e1lm\u00e1n So\u00f3s&#8217; comprehensive book, it is possible to understand how difficult the refereeing profession is: in addition to a perfect knowledge of the rules, it requires the right type of personality, commitment and attitude, as well as the right way of dealing with people and athletes. As well as humilityand determination, moral fibre and psychology.<\/p>\n","protected":false},"featured_media":7977,"template":"","meta":{"_acf_changed":false,"itsec_x_frame_options":""},"product_brand":[],"product_cat":[198],"product_tag":[],"gyarto":[],"class_list":{"0":"post-7966","1":"product","2":"type-product","3":"status-publish","4":"has-post-thumbnail","6":"product_cat-textbooks","8":"first","9":"instock","10":"featured","11":"taxable","12":"shipping-taxable","13":"purchasable","14":"product-type-simple"},"acf":[],"yoast_head":"<!-- This site is optimized with the Yoast SEO plugin v27.4 - https:\/\/yoast.com\/product\/yoast-seo-wordpress\/ -->\n<title>The Anatomy of Refereeing - MKSZ Webshop<\/title>\n<meta name=\"robots\" content=\"index, follow, max-snippet:-1, max-image-preview:large, max-video-preview:-1\" \/>\n<link rel=\"canonical\" href=\"https:\/\/handballshop.hu\/en\/termek\/the-anatomy-of-refereeing\/\" \/>\n<meta property=\"og:locale\" content=\"en_US\" \/>\n<meta property=\"og:type\" content=\"article\" \/>\n<meta property=\"og:title\" content=\"The Anatomy of Refereeing - MKSZ Webshop\" \/>\n<meta property=\"og:description\" content=\"Referees can easily come under fire during a match, as they have to make objective and lawful decisions in a split second, often in situations that, when viewed from the comfort of the spectators&#039; seats, do not seem clear or easy to judge and often generate controversy even among professionals.  By looking through Dr. K\u00e1lm\u00e1n So\u00f3s&#039; comprehensive book, it is possible to understand how difficult the refereeing profession is: in addition to a perfect knowledge of the rules, it requires the right type of personality, commitment and attitude, as well as the right way of dealing with people and athletes. As well as humilityand determination, moral fibre and psychology.\" \/>\n<meta property=\"og:url\" content=\"https:\/\/handballshop.hu\/en\/termek\/the-anatomy-of-refereeing\/\" \/>\n<meta property=\"og:site_name\" content=\"MKSZ Webshop\" \/>\n<meta property=\"article:modified_time\" content=\"2025-04-15T20:58:52+00:00\" \/>\n<meta property=\"og:image\" content=\"https:\/\/handballshop.hu\/wp-content\/uploads\/2024\/05\/img_5190-2024-05-07-16_19_28-scaled.jpeg\" \/>\n\t<meta property=\"og:image:width\" content=\"1904\" \/>\n\t<meta property=\"og:image:height\" content=\"2560\" \/>\n\t<meta property=\"og:image:type\" content=\"image\/jpeg\" \/>\n<meta name=\"twitter:card\" content=\"summary_large_image\" \/>\n<meta name=\"twitter:label1\" content=\"Est. reading time\" \/>\n\t<meta name=\"twitter:data1\" content=\"1 minute\" \/>\n<script type=\"application\/ld+json\" class=\"yoast-schema-graph\">{\"@context\":\"https:\\\/\\\/schema.org\",\"@graph\":[{\"@type\":\"WebPage\",\"@id\":\"https:\\\/\\\/handballshop.hu\\\/en\\\/termek\\\/the-anatomy-of-refereeing\\\/\",\"url\":\"https:\\\/\\\/handballshop.hu\\\/en\\\/termek\\\/the-anatomy-of-refereeing\\\/\",\"name\":\"The Anatomy of Refereeing - MKSZ Webshop\",\"isPartOf\":{\"@id\":\"https:\\\/\\\/handballshop.hu\\\/#website\"},\"primaryImageOfPage\":{\"@id\":\"https:\\\/\\\/handballshop.hu\\\/en\\\/termek\\\/the-anatomy-of-refereeing\\\/#primaryimage\"},\"image\":{\"@id\":\"https:\\\/\\\/handballshop.hu\\\/en\\\/termek\\\/the-anatomy-of-refereeing\\\/#primaryimage\"},\"thumbnailUrl\":\"https:\\\/\\\/handballshop.hu\\\/wp-content\\\/uploads\\\/2024\\\/05\\\/img_5190-2024-05-07-16_19_28-scaled.jpeg\",\"datePublished\":\"2024-05-06T13:52:40+00:00\",\"dateModified\":\"2025-04-15T20:58:52+00:00\",\"breadcrumb\":{\"@id\":\"https:\\\/\\\/handballshop.hu\\\/en\\\/termek\\\/the-anatomy-of-refereeing\\\/#breadcrumb\"},\"inLanguage\":\"en-US\",\"potentialAction\":[{\"@type\":\"ReadAction\",\"target\":[\"https:\\\/\\\/handballshop.hu\\\/en\\\/termek\\\/the-anatomy-of-refereeing\\\/\"]}]},{\"@type\":\"ImageObject\",\"inLanguage\":\"en-US\",\"@id\":\"https:\\\/\\\/handballshop.hu\\\/en\\\/termek\\\/the-anatomy-of-refereeing\\\/#primaryimage\",\"url\":\"https:\\\/\\\/handballshop.hu\\\/wp-content\\\/uploads\\\/2024\\\/05\\\/img_5190-2024-05-07-16_19_28-scaled.jpeg\",\"contentUrl\":\"https:\\\/\\\/handballshop.hu\\\/wp-content\\\/uploads\\\/2024\\\/05\\\/img_5190-2024-05-07-16_19_28-scaled.jpeg\",\"width\":1904,\"height\":2560,\"caption\":\"The Anatomy of Refereeing\"},{\"@type\":\"BreadcrumbList\",\"@id\":\"https:\\\/\\\/handballshop.hu\\\/en\\\/termek\\\/the-anatomy-of-refereeing\\\/#breadcrumb\",\"itemListElement\":[{\"@type\":\"ListItem\",\"position\":1,\"name\":\"Home\",\"item\":\"https:\\\/\\\/handballshop.hu\\\/en\\\/\"},{\"@type\":\"ListItem\",\"position\":2,\"name\":\"Shop\",\"item\":\"https:\\\/\\\/handballshop.hu\\\/en\\\/termekek\\\/\"},{\"@type\":\"ListItem\",\"position\":3,\"name\":\"The Anatomy of Refereeing\"}]},{\"@type\":\"WebSite\",\"@id\":\"https:\\\/\\\/handballshop.hu\\\/#website\",\"url\":\"https:\\\/\\\/handballshop.hu\\\/\",\"name\":\"MKSZ Webshop\",\"description\":\"Magyar K\u00e9zilabda Sz\u00f6vets\u00e9g web\u00e1ruh\u00e1za\",\"potentialAction\":[{\"@type\":\"SearchAction\",\"target\":{\"@type\":\"EntryPoint\",\"urlTemplate\":\"https:\\\/\\\/handballshop.hu\\\/?s={search_term_string}\"},\"query-input\":{\"@type\":\"PropertyValueSpecification\",\"valueRequired\":true,\"valueName\":\"search_term_string\"}}],\"inLanguage\":\"en-US\"}]}<\/script>\n<!-- \/ Yoast SEO plugin. -->","yoast_head_json":{"title":"The Anatomy of Refereeing - MKSZ Webshop","robots":{"index":"index","follow":"follow","max-snippet":"max-snippet:-1","max-image-preview":"max-image-preview:large","max-video-preview":"max-video-preview:-1"},"canonical":"https:\/\/handballshop.hu\/en\/termek\/the-anatomy-of-refereeing\/","og_locale":"en_US","og_type":"article","og_title":"The Anatomy of Refereeing - MKSZ Webshop","og_description":"Referees can easily come under fire during a match, as they have to make objective and lawful decisions in a split second, often in situations that, when viewed from the comfort of the spectators' seats, do not seem clear or easy to judge and often generate controversy even among professionals.  By looking through Dr. K\u00e1lm\u00e1n So\u00f3s' comprehensive book, it is possible to understand how difficult the refereeing profession is: in addition to a perfect knowledge of the rules, it requires the right type of personality, commitment and attitude, as well as the right way of dealing with people and athletes. As well as humilityand determination, moral fibre and psychology.","og_url":"https:\/\/handballshop.hu\/en\/termek\/the-anatomy-of-refereeing\/","og_site_name":"MKSZ Webshop","article_modified_time":"2025-04-15T20:58:52+00:00","og_image":[{"width":1904,"height":2560,"url":"https:\/\/handballshop.hu\/wp-content\/uploads\/2024\/05\/img_5190-2024-05-07-16_19_28-scaled.jpeg","type":"image\/jpeg"}],"twitter_card":"summary_large_image","twitter_misc":{"Est. reading time":"1 minute"},"schema":{"@context":"https:\/\/schema.org","@graph":[{"@type":"WebPage","@id":"https:\/\/handballshop.hu\/en\/termek\/the-anatomy-of-refereeing\/","url":"https:\/\/handballshop.hu\/en\/termek\/the-anatomy-of-refereeing\/","name":"The Anatomy of Refereeing - MKSZ Webshop","isPartOf":{"@id":"https:\/\/handballshop.hu\/#website"},"primaryImageOfPage":{"@id":"https:\/\/handballshop.hu\/en\/termek\/the-anatomy-of-refereeing\/#primaryimage"},"image":{"@id":"https:\/\/handballshop.hu\/en\/termek\/the-anatomy-of-refereeing\/#primaryimage"},"thumbnailUrl":"https:\/\/handballshop.hu\/wp-content\/uploads\/2024\/05\/img_5190-2024-05-07-16_19_28-scaled.jpeg","datePublished":"2024-05-06T13:52:40+00:00","dateModified":"2025-04-15T20:58:52+00:00","breadcrumb":{"@id":"https:\/\/handballshop.hu\/en\/termek\/the-anatomy-of-refereeing\/#breadcrumb"},"inLanguage":"en-US","potentialAction":[{"@type":"ReadAction","target":["https:\/\/handballshop.hu\/en\/termek\/the-anatomy-of-refereeing\/"]}]},{"@type":"ImageObject","inLanguage":"en-US","@id":"https:\/\/handballshop.hu\/en\/termek\/the-anatomy-of-refereeing\/#primaryimage","url":"https:\/\/handballshop.hu\/wp-content\/uploads\/2024\/05\/img_5190-2024-05-07-16_19_28-scaled.jpeg","contentUrl":"https:\/\/handballshop.hu\/wp-content\/uploads\/2024\/05\/img_5190-2024-05-07-16_19_28-scaled.jpeg","width":1904,"height":2560,"caption":"The Anatomy of Refereeing"},{"@type":"BreadcrumbList","@id":"https:\/\/handballshop.hu\/en\/termek\/the-anatomy-of-refereeing\/#breadcrumb","itemListElement":[{"@type":"ListItem","position":1,"name":"Home","item":"https:\/\/handballshop.hu\/en\/"},{"@type":"ListItem","position":2,"name":"Shop","item":"https:\/\/handballshop.hu\/en\/termekek\/"},{"@type":"ListItem","position":3,"name":"The Anatomy of Refereeing"}]},{"@type":"WebSite","@id":"https:\/\/handballshop.hu\/#website","url":"https:\/\/handballshop.hu\/","name":"MKSZ Webshop","description":"Magyar K\u00e9zilabda Sz\u00f6vets\u00e9g web\u00e1ruh\u00e1za","potentialAction":[{"@type":"SearchAction","target":{"@type":"EntryPoint","urlTemplate":"https:\/\/handballshop.hu\/?s={search_term_string}"},"query-input":{"@type":"PropertyValueSpecification","valueRequired":true,"valueName":"search_term_string"}}],"inLanguage":"en-US"}]}},"_links":{"self":[{"href":"https:\/\/handballshop.hu\/en\/wp-json\/wp\/v2\/product\/7966","targetHints":{"allow":["GET"]}}],"collection":[{"href":"https:\/\/handballshop.hu\/en\/wp-json\/wp\/v2\/product"}],"about":[{"href":"https:\/\/handballshop.hu\/en\/wp-json\/wp\/v2\/types\/product"}],"wp:featuredmedia":[{"embeddable":true,"href":"https:\/\/handballshop.hu\/en\/wp-json\/wp\/v2\/media\/7977"}],"wp:attachment":[{"href":"https:\/\/handballshop.hu\/en\/wp-json\/wp\/v2\/media?parent=7966"}],"wp:term":[{"taxonomy":"product_brand","embeddable":true,"href":"https:\/\/handballshop.hu\/en\/wp-json\/wp\/v2\/product_brand?post=7966"},{"taxonomy":"product_cat","embeddable":true,"href":"https:\/\/handballshop.hu\/en\/wp-json\/wp\/v2\/product_cat?post=7966"},{"taxonomy":"product_tag","embeddable":true,"href":"https:\/\/handballshop.hu\/en\/wp-json\/wp\/v2\/product_tag?post=7966"},{"taxonomy":"gyarto","embeddable":true,"href":"https:\/\/handballshop.hu\/en\/wp-json\/wp\/v2\/gyarto?post=7966"}],"curies":[{"name":"wp","href":"https:\/\/api.w.org\/{rel}","templated":true}]}}