{"id":4818,"date":"2022-05-10T12:49:17","date_gmt":"2022-05-10T10:49:17","guid":{"rendered":"https:\/\/handballshop.hu\/?post_type=product&#038;p=4818"},"modified":"2026-03-19T12:09:24","modified_gmt":"2026-03-19T11:09:24","slug":"playing-handball-dr-marczinka-zoltan-2","status":"publish","type":"product","link":"https:\/\/handballshop.hu\/en\/termek\/playing-handball-dr-marczinka-zoltan-2\/","title":{"rendered":"Playing Handball &#8211; Dr. Marczinka Zolt\u00e1n"},"content":{"rendered":"","protected":false},"excerpt":{"rendered":"<p>\u201e\u2026the concept has not changed. This manual is still aimed at all levels of players and coaches<br \/>\nfrom beginners to the more advanced\u2026it is at all levels a comprehensive treatise of the game,<br \/>\nyet each chapter is self-contained and may be used as a separate unit on its own.\u201d<br \/>\nDr. Zolt\u00e1n Marczinka<\/p>\n<p>\u201eThe new and updated edition in hand pays great attention to the fact that handball has<br \/>\ndeveloped rapidly and become a fast, dynamic and complex team sport\u2026.\u201d<br \/>\nJean Brihault, EHF President<\/p>\n","protected":false},"featured_media":2631,"template":"","meta":{"_acf_changed":false,"itsec_x_frame_options":""},"product_brand":[],"product_cat":[198],"product_tag":[],"gyarto":[],"class_list":{"0":"post-4818","1":"product","2":"type-product","3":"status-publish","4":"has-post-thumbnail","6":"product_cat-textbooks","8":"first","9":"instock","10":"featured","11":"taxable","12":"shipping-taxable","13":"purchasable","14":"product-type-simple"},"acf":[],"yoast_head":"<!-- This site is optimized with the Yoast SEO plugin v27.4 - https:\/\/yoast.com\/product\/yoast-seo-wordpress\/ -->\n<title>Playing Handball - Dr. Marczinka Zolt\u00e1n - MKSZ Webshop<\/title>\n<meta name=\"robots\" content=\"index, follow, max-snippet:-1, max-image-preview:large, max-video-preview:-1\" \/>\n<link rel=\"canonical\" href=\"https:\/\/handballshop.hu\/en\/termek\/playing-handball-dr-marczinka-zoltan-2\/\" \/>\n<meta property=\"og:locale\" content=\"en_US\" \/>\n<meta property=\"og:type\" content=\"article\" \/>\n<meta property=\"og:title\" content=\"Playing Handball - Dr. Marczinka Zolt\u00e1n - MKSZ Webshop\" \/>\n<meta property=\"og:description\" content=\"\u201e\u2026the concept has not changed. This manual is still aimed at all levels of players and coaches from beginners to the more advanced\u2026it is at all levels a comprehensive treatise of the game, yet each chapter is self-contained and may be used as a separate unit on its own.\u201d Dr. Zolt\u00e1n Marczinka  \u201eThe new and updated edition in hand pays great attention to the fact that handball has developed rapidly and become a fast, dynamic and complex team sport\u2026.\u201d Jean Brihault, EHF President\" \/>\n<meta property=\"og:url\" content=\"https:\/\/handballshop.hu\/en\/termek\/playing-handball-dr-marczinka-zoltan-2\/\" \/>\n<meta property=\"og:site_name\" content=\"MKSZ Webshop\" \/>\n<meta property=\"article:modified_time\" content=\"2026-03-19T11:09:24+00:00\" \/>\n<meta property=\"og:image\" content=\"https:\/\/handballshop.hu\/wp-content\/uploads\/2020\/11\/handballshop-hu-playhandball-konyv-playing-handball-dr-marczinka-zoltan.jpg\" \/>\n\t<meta property=\"og:image:width\" content=\"1000\" \/>\n\t<meta property=\"og:image:height\" content=\"1000\" \/>\n\t<meta property=\"og:image:type\" content=\"image\/jpeg\" \/>\n<meta name=\"twitter:card\" content=\"summary_large_image\" \/>\n<meta name=\"twitter:label1\" content=\"Est. reading time\" \/>\n\t<meta name=\"twitter:data1\" content=\"1 minute\" \/>\n<script type=\"application\/ld+json\" class=\"yoast-schema-graph\">{\"@context\":\"https:\\\/\\\/schema.org\",\"@graph\":[{\"@type\":\"WebPage\",\"@id\":\"https:\\\/\\\/handballshop.hu\\\/en\\\/termek\\\/playing-handball-dr-marczinka-zoltan-2\\\/\",\"url\":\"https:\\\/\\\/handballshop.hu\\\/en\\\/termek\\\/playing-handball-dr-marczinka-zoltan-2\\\/\",\"name\":\"Playing Handball - Dr. Marczinka Zolt\u00e1n - MKSZ Webshop\",\"isPartOf\":{\"@id\":\"https:\\\/\\\/handballshop.hu\\\/#website\"},\"primaryImageOfPage\":{\"@id\":\"https:\\\/\\\/handballshop.hu\\\/en\\\/termek\\\/playing-handball-dr-marczinka-zoltan-2\\\/#primaryimage\"},\"image\":{\"@id\":\"https:\\\/\\\/handballshop.hu\\\/en\\\/termek\\\/playing-handball-dr-marczinka-zoltan-2\\\/#primaryimage\"},\"thumbnailUrl\":\"https:\\\/\\\/handballshop.hu\\\/wp-content\\\/uploads\\\/2020\\\/11\\\/handballshop-hu-playhandball-konyv-playing-handball-dr-marczinka-zoltan.jpg\",\"datePublished\":\"2022-05-10T10:49:17+00:00\",\"dateModified\":\"2026-03-19T11:09:24+00:00\",\"breadcrumb\":{\"@id\":\"https:\\\/\\\/handballshop.hu\\\/en\\\/termek\\\/playing-handball-dr-marczinka-zoltan-2\\\/#breadcrumb\"},\"inLanguage\":\"en-US\",\"potentialAction\":[{\"@type\":\"ReadAction\",\"target\":[\"https:\\\/\\\/handballshop.hu\\\/en\\\/termek\\\/playing-handball-dr-marczinka-zoltan-2\\\/\"]}]},{\"@type\":\"ImageObject\",\"inLanguage\":\"en-US\",\"@id\":\"https:\\\/\\\/handballshop.hu\\\/en\\\/termek\\\/playing-handball-dr-marczinka-zoltan-2\\\/#primaryimage\",\"url\":\"https:\\\/\\\/handballshop.hu\\\/wp-content\\\/uploads\\\/2020\\\/11\\\/handballshop-hu-playhandball-konyv-playing-handball-dr-marczinka-zoltan.jpg\",\"contentUrl\":\"https:\\\/\\\/handballshop.hu\\\/wp-content\\\/uploads\\\/2020\\\/11\\\/handballshop-hu-playhandball-konyv-playing-handball-dr-marczinka-zoltan.jpg\",\"width\":1000,\"height\":1000},{\"@type\":\"BreadcrumbList\",\"@id\":\"https:\\\/\\\/handballshop.hu\\\/en\\\/termek\\\/playing-handball-dr-marczinka-zoltan-2\\\/#breadcrumb\",\"itemListElement\":[{\"@type\":\"ListItem\",\"position\":1,\"name\":\"Home\",\"item\":\"https:\\\/\\\/handballshop.hu\\\/en\\\/\"},{\"@type\":\"ListItem\",\"position\":2,\"name\":\"Shop\",\"item\":\"https:\\\/\\\/handballshop.hu\\\/en\\\/termekek\\\/\"},{\"@type\":\"ListItem\",\"position\":3,\"name\":\"Playing Handball &#8211; Dr. Marczinka Zolt\u00e1n\"}]},{\"@type\":\"WebSite\",\"@id\":\"https:\\\/\\\/handballshop.hu\\\/#website\",\"url\":\"https:\\\/\\\/handballshop.hu\\\/\",\"name\":\"MKSZ Webshop\",\"description\":\"Magyar K\u00e9zilabda Sz\u00f6vets\u00e9g web\u00e1ruh\u00e1za\",\"potentialAction\":[{\"@type\":\"SearchAction\",\"target\":{\"@type\":\"EntryPoint\",\"urlTemplate\":\"https:\\\/\\\/handballshop.hu\\\/?s={search_term_string}\"},\"query-input\":{\"@type\":\"PropertyValueSpecification\",\"valueRequired\":true,\"valueName\":\"search_term_string\"}}],\"inLanguage\":\"en-US\"}]}<\/script>\n<!-- \/ Yoast SEO plugin. -->","yoast_head_json":{"title":"Playing Handball - Dr. Marczinka Zolt\u00e1n - MKSZ Webshop","robots":{"index":"index","follow":"follow","max-snippet":"max-snippet:-1","max-image-preview":"max-image-preview:large","max-video-preview":"max-video-preview:-1"},"canonical":"https:\/\/handballshop.hu\/en\/termek\/playing-handball-dr-marczinka-zoltan-2\/","og_locale":"en_US","og_type":"article","og_title":"Playing Handball - Dr. Marczinka Zolt\u00e1n - MKSZ Webshop","og_description":"\u201e\u2026the concept has not changed. This manual is still aimed at all levels of players and coaches from beginners to the more advanced\u2026it is at all levels a comprehensive treatise of the game, yet each chapter is self-contained and may be used as a separate unit on its own.\u201d Dr. Zolt\u00e1n Marczinka  \u201eThe new and updated edition in hand pays great attention to the fact that handball has developed rapidly and become a fast, dynamic and complex team sport\u2026.\u201d Jean Brihault, EHF President","og_url":"https:\/\/handballshop.hu\/en\/termek\/playing-handball-dr-marczinka-zoltan-2\/","og_site_name":"MKSZ Webshop","article_modified_time":"2026-03-19T11:09:24+00:00","og_image":[{"width":1000,"height":1000,"url":"https:\/\/handballshop.hu\/wp-content\/uploads\/2020\/11\/handballshop-hu-playhandball-konyv-playing-handball-dr-marczinka-zoltan.jpg","type":"image\/jpeg"}],"twitter_card":"summary_large_image","twitter_misc":{"Est. reading time":"1 minute"},"schema":{"@context":"https:\/\/schema.org","@graph":[{"@type":"WebPage","@id":"https:\/\/handballshop.hu\/en\/termek\/playing-handball-dr-marczinka-zoltan-2\/","url":"https:\/\/handballshop.hu\/en\/termek\/playing-handball-dr-marczinka-zoltan-2\/","name":"Playing Handball - Dr. Marczinka Zolt\u00e1n - MKSZ Webshop","isPartOf":{"@id":"https:\/\/handballshop.hu\/#website"},"primaryImageOfPage":{"@id":"https:\/\/handballshop.hu\/en\/termek\/playing-handball-dr-marczinka-zoltan-2\/#primaryimage"},"image":{"@id":"https:\/\/handballshop.hu\/en\/termek\/playing-handball-dr-marczinka-zoltan-2\/#primaryimage"},"thumbnailUrl":"https:\/\/handballshop.hu\/wp-content\/uploads\/2020\/11\/handballshop-hu-playhandball-konyv-playing-handball-dr-marczinka-zoltan.jpg","datePublished":"2022-05-10T10:49:17+00:00","dateModified":"2026-03-19T11:09:24+00:00","breadcrumb":{"@id":"https:\/\/handballshop.hu\/en\/termek\/playing-handball-dr-marczinka-zoltan-2\/#breadcrumb"},"inLanguage":"en-US","potentialAction":[{"@type":"ReadAction","target":["https:\/\/handballshop.hu\/en\/termek\/playing-handball-dr-marczinka-zoltan-2\/"]}]},{"@type":"ImageObject","inLanguage":"en-US","@id":"https:\/\/handballshop.hu\/en\/termek\/playing-handball-dr-marczinka-zoltan-2\/#primaryimage","url":"https:\/\/handballshop.hu\/wp-content\/uploads\/2020\/11\/handballshop-hu-playhandball-konyv-playing-handball-dr-marczinka-zoltan.jpg","contentUrl":"https:\/\/handballshop.hu\/wp-content\/uploads\/2020\/11\/handballshop-hu-playhandball-konyv-playing-handball-dr-marczinka-zoltan.jpg","width":1000,"height":1000},{"@type":"BreadcrumbList","@id":"https:\/\/handballshop.hu\/en\/termek\/playing-handball-dr-marczinka-zoltan-2\/#breadcrumb","itemListElement":[{"@type":"ListItem","position":1,"name":"Home","item":"https:\/\/handballshop.hu\/en\/"},{"@type":"ListItem","position":2,"name":"Shop","item":"https:\/\/handballshop.hu\/en\/termekek\/"},{"@type":"ListItem","position":3,"name":"Playing Handball &#8211; Dr. Marczinka Zolt\u00e1n"}]},{"@type":"WebSite","@id":"https:\/\/handballshop.hu\/#website","url":"https:\/\/handballshop.hu\/","name":"MKSZ Webshop","description":"Magyar K\u00e9zilabda Sz\u00f6vets\u00e9g web\u00e1ruh\u00e1za","potentialAction":[{"@type":"SearchAction","target":{"@type":"EntryPoint","urlTemplate":"https:\/\/handballshop.hu\/?s={search_term_string}"},"query-input":{"@type":"PropertyValueSpecification","valueRequired":true,"valueName":"search_term_string"}}],"inLanguage":"en-US"}]}},"_links":{"self":[{"href":"https:\/\/handballshop.hu\/en\/wp-json\/wp\/v2\/product\/4818","targetHints":{"allow":["GET"]}}],"collection":[{"href":"https:\/\/handballshop.hu\/en\/wp-json\/wp\/v2\/product"}],"about":[{"href":"https:\/\/handballshop.hu\/en\/wp-json\/wp\/v2\/types\/product"}],"wp:featuredmedia":[{"embeddable":true,"href":"https:\/\/handballshop.hu\/en\/wp-json\/wp\/v2\/media\/2631"}],"wp:attachment":[{"href":"https:\/\/handballshop.hu\/en\/wp-json\/wp\/v2\/media?parent=4818"}],"wp:term":[{"taxonomy":"product_brand","embeddable":true,"href":"https:\/\/handballshop.hu\/en\/wp-json\/wp\/v2\/product_brand?post=4818"},{"taxonomy":"product_cat","embeddable":true,"href":"https:\/\/handballshop.hu\/en\/wp-json\/wp\/v2\/product_cat?post=4818"},{"taxonomy":"product_tag","embeddable":true,"href":"https:\/\/handballshop.hu\/en\/wp-json\/wp\/v2\/product_tag?post=4818"},{"taxonomy":"gyarto","embeddable":true,"href":"https:\/\/handballshop.hu\/en\/wp-json\/wp\/v2\/gyarto?post=4818"}],"curies":[{"name":"wp","href":"https:\/\/api.w.org\/{rel}","templated":true}]}}