{"id":4817,"date":"2022-05-10T12:46:32","date_gmt":"2022-05-10T10:46:32","guid":{"rendered":"https:\/\/handballshop.hu\/?post_type=product&#038;p=4817"},"modified":"2026-03-19T12:09:23","modified_gmt":"2026-03-19T11:09:23","slug":"goalkeeper-training-teachingcoaching-and-preparing-2","status":"publish","type":"product","link":"https:\/\/handballshop.hu\/en\/termek\/goalkeeper-training-teachingcoaching-and-preparing-2\/","title":{"rendered":"Goalkeeper training teaching,coaching and preparing"},"content":{"rendered":"","protected":false},"excerpt":{"rendered":"<p>Written by: Istv\u00e1n Bakos, B\u00e9la Bartalos, Imre B\u00edr\u00f3, Dr. L\u00e1szl\u00f3 Hoffmann, J\u00e1nos Szathm\u00e1ri, Dr. Zolt\u00e1n Marczinka<\/p>\n<p>&nbsp;<\/p>\n<p>CONTENTS<\/p>\n<p>ABOUT THE GOALKEEPER IN GENERAL<\/p>\n<ol>\n<li>The role of the goalkeeper in handball<\/li>\n<li>Selection of the goalkeeper<\/li>\n<li>The development of motor skills in the youth division<\/li>\n<li>The gender and age-specific characteristics of the technique and training of goalkeepers<\/li>\n<li>The different training styles of goalkeepers<\/li>\n<li>The history of goalkeeping<\/li>\n<\/ol>\n<p>&nbsp;<\/p>\n<p>DEVELOPING THE GOALKEEPER<\/p>\n<ol>\n<li>The goalkeeper&#8217;s basic saving techniques<\/li>\n<li>The goalkeeper&#8217;s special saving techniques<\/li>\n<li><em>The <\/em>goalkeeper&#8217;s attacking activity<\/li>\n<\/ol>\n<p>&nbsp;<\/p>\n<p>GOALKEEPER TRAINING<\/p>\n<ol>\n<li>The main principles of goalkeeper training<\/li>\n<li>Physical training<\/li>\n<li>Technical training<\/li>\n<li>Tactical training<\/li>\n<li>The role of the goalkeeper coach<\/li>\n<li>Goalkeeper training with the team<\/li>\n<li>Methodological guide for goalkeeper training exercises<\/li>\n<\/ol>\n","protected":false},"featured_media":2746,"template":"","meta":{"_acf_changed":false,"itsec_x_frame_options":""},"product_brand":[],"product_cat":[198],"product_tag":[],"gyarto":[],"class_list":{"0":"post-4817","1":"product","2":"type-product","3":"status-publish","4":"has-post-thumbnail","6":"product_cat-textbooks","8":"first","9":"onbackorder","10":"featured","11":"taxable","12":"shipping-taxable","13":"purchasable","14":"product-type-simple"},"acf":[],"yoast_head":"<!-- This site is optimized with the Yoast SEO plugin v27.4 - https:\/\/yoast.com\/product\/yoast-seo-wordpress\/ -->\n<title>Goalkeeper training teaching,coaching and preparing - MKSZ Webshop<\/title>\n<meta name=\"robots\" content=\"index, follow, max-snippet:-1, max-image-preview:large, max-video-preview:-1\" \/>\n<link rel=\"canonical\" href=\"https:\/\/handballshop.hu\/en\/termek\/goalkeeper-training-teachingcoaching-and-preparing-2\/\" \/>\n<meta property=\"og:locale\" content=\"en_US\" \/>\n<meta property=\"og:type\" content=\"article\" \/>\n<meta property=\"og:title\" content=\"Goalkeeper training teaching,coaching and preparing - MKSZ Webshop\" \/>\n<meta property=\"og:description\" content=\"Written by: Istv\u00e1n Bakos, B\u00e9la Bartalos, Imre B\u00edr\u00f3, Dr. L\u00e1szl\u00f3 Hoffmann, J\u00e1nos Szathm\u00e1ri, Dr. Zolt\u00e1n Marczinka  &nbsp;  CONTENTS  ABOUT THE GOALKEEPER IN GENERAL   The role of the goalkeeper in handball  Selection of the goalkeeper  The development of motor skills in the youth division  The gender and age-specific characteristics of the technique and training of goalkeepers  The different training styles of goalkeepers  The history of goalkeeping  &nbsp;  DEVELOPING THE GOALKEEPER   The goalkeeper&#039;s basic saving techniques  The goalkeeper&#039;s special saving techniques  The goalkeeper&#039;s attacking activity  &nbsp;  GOALKEEPER TRAINING   The main principles of goalkeeper training  Physical training  Technical training  Tactical training  The role of the goalkeeper coach  Goalkeeper training with the team  Methodological guide for goalkeeper training exercises\" \/>\n<meta property=\"og:url\" content=\"https:\/\/handballshop.hu\/en\/termek\/goalkeeper-training-teachingcoaching-and-preparing-2\/\" \/>\n<meta property=\"og:site_name\" content=\"MKSZ Webshop\" \/>\n<meta property=\"article:modified_time\" content=\"2026-03-19T11:09:23+00:00\" \/>\n<meta property=\"og:image\" content=\"https:\/\/handballshop.hu\/wp-content\/uploads\/2020\/11\/handballshop-hu-playhandball-goalkeeper-training-teachingcoaching-and-preparing-goalkeeper-training.jpg\" \/>\n\t<meta property=\"og:image:width\" content=\"578\" \/>\n\t<meta property=\"og:image:height\" content=\"823\" \/>\n\t<meta property=\"og:image:type\" content=\"image\/jpeg\" \/>\n<meta name=\"twitter:card\" content=\"summary_large_image\" \/>\n<meta name=\"twitter:label1\" content=\"Est. reading time\" \/>\n\t<meta name=\"twitter:data1\" content=\"1 minute\" \/>\n<script type=\"application\/ld+json\" class=\"yoast-schema-graph\">{\"@context\":\"https:\\\/\\\/schema.org\",\"@graph\":[{\"@type\":\"WebPage\",\"@id\":\"https:\\\/\\\/handballshop.hu\\\/en\\\/termek\\\/goalkeeper-training-teachingcoaching-and-preparing-2\\\/\",\"url\":\"https:\\\/\\\/handballshop.hu\\\/en\\\/termek\\\/goalkeeper-training-teachingcoaching-and-preparing-2\\\/\",\"name\":\"Goalkeeper training teaching,coaching and preparing - MKSZ Webshop\",\"isPartOf\":{\"@id\":\"https:\\\/\\\/handballshop.hu\\\/#website\"},\"primaryImageOfPage\":{\"@id\":\"https:\\\/\\\/handballshop.hu\\\/en\\\/termek\\\/goalkeeper-training-teachingcoaching-and-preparing-2\\\/#primaryimage\"},\"image\":{\"@id\":\"https:\\\/\\\/handballshop.hu\\\/en\\\/termek\\\/goalkeeper-training-teachingcoaching-and-preparing-2\\\/#primaryimage\"},\"thumbnailUrl\":\"https:\\\/\\\/handballshop.hu\\\/wp-content\\\/uploads\\\/2020\\\/11\\\/handballshop-hu-playhandball-goalkeeper-training-teachingcoaching-and-preparing-goalkeeper-training.jpg\",\"datePublished\":\"2022-05-10T10:46:32+00:00\",\"dateModified\":\"2026-03-19T11:09:23+00:00\",\"breadcrumb\":{\"@id\":\"https:\\\/\\\/handballshop.hu\\\/en\\\/termek\\\/goalkeeper-training-teachingcoaching-and-preparing-2\\\/#breadcrumb\"},\"inLanguage\":\"en-US\",\"potentialAction\":[{\"@type\":\"ReadAction\",\"target\":[\"https:\\\/\\\/handballshop.hu\\\/en\\\/termek\\\/goalkeeper-training-teachingcoaching-and-preparing-2\\\/\"]}]},{\"@type\":\"ImageObject\",\"inLanguage\":\"en-US\",\"@id\":\"https:\\\/\\\/handballshop.hu\\\/en\\\/termek\\\/goalkeeper-training-teachingcoaching-and-preparing-2\\\/#primaryimage\",\"url\":\"https:\\\/\\\/handballshop.hu\\\/wp-content\\\/uploads\\\/2020\\\/11\\\/handballshop-hu-playhandball-goalkeeper-training-teachingcoaching-and-preparing-goalkeeper-training.jpg\",\"contentUrl\":\"https:\\\/\\\/handballshop.hu\\\/wp-content\\\/uploads\\\/2020\\\/11\\\/handballshop-hu-playhandball-goalkeeper-training-teachingcoaching-and-preparing-goalkeeper-training.jpg\",\"width\":578,\"height\":823},{\"@type\":\"BreadcrumbList\",\"@id\":\"https:\\\/\\\/handballshop.hu\\\/en\\\/termek\\\/goalkeeper-training-teachingcoaching-and-preparing-2\\\/#breadcrumb\",\"itemListElement\":[{\"@type\":\"ListItem\",\"position\":1,\"name\":\"Home\",\"item\":\"https:\\\/\\\/handballshop.hu\\\/en\\\/\"},{\"@type\":\"ListItem\",\"position\":2,\"name\":\"Shop\",\"item\":\"https:\\\/\\\/handballshop.hu\\\/en\\\/termekek\\\/\"},{\"@type\":\"ListItem\",\"position\":3,\"name\":\"Goalkeeper training teaching,coaching and preparing\"}]},{\"@type\":\"WebSite\",\"@id\":\"https:\\\/\\\/handballshop.hu\\\/#website\",\"url\":\"https:\\\/\\\/handballshop.hu\\\/\",\"name\":\"MKSZ Webshop\",\"description\":\"Magyar K\u00e9zilabda Sz\u00f6vets\u00e9g web\u00e1ruh\u00e1za\",\"potentialAction\":[{\"@type\":\"SearchAction\",\"target\":{\"@type\":\"EntryPoint\",\"urlTemplate\":\"https:\\\/\\\/handballshop.hu\\\/?s={search_term_string}\"},\"query-input\":{\"@type\":\"PropertyValueSpecification\",\"valueRequired\":true,\"valueName\":\"search_term_string\"}}],\"inLanguage\":\"en-US\"}]}<\/script>\n<!-- \/ Yoast SEO plugin. -->","yoast_head_json":{"title":"Goalkeeper training teaching,coaching and preparing - MKSZ Webshop","robots":{"index":"index","follow":"follow","max-snippet":"max-snippet:-1","max-image-preview":"max-image-preview:large","max-video-preview":"max-video-preview:-1"},"canonical":"https:\/\/handballshop.hu\/en\/termek\/goalkeeper-training-teachingcoaching-and-preparing-2\/","og_locale":"en_US","og_type":"article","og_title":"Goalkeeper training teaching,coaching and preparing - MKSZ Webshop","og_description":"Written by: Istv\u00e1n Bakos, B\u00e9la Bartalos, Imre B\u00edr\u00f3, Dr. L\u00e1szl\u00f3 Hoffmann, J\u00e1nos Szathm\u00e1ri, Dr. Zolt\u00e1n Marczinka  &nbsp;  CONTENTS  ABOUT THE GOALKEEPER IN GENERAL   The role of the goalkeeper in handball  Selection of the goalkeeper  The development of motor skills in the youth division  The gender and age-specific characteristics of the technique and training of goalkeepers  The different training styles of goalkeepers  The history of goalkeeping  &nbsp;  DEVELOPING THE GOALKEEPER   The goalkeeper's basic saving techniques  The goalkeeper's special saving techniques  The goalkeeper's attacking activity  &nbsp;  GOALKEEPER TRAINING   The main principles of goalkeeper training  Physical training  Technical training  Tactical training  The role of the goalkeeper coach  Goalkeeper training with the team  Methodological guide for goalkeeper training exercises","og_url":"https:\/\/handballshop.hu\/en\/termek\/goalkeeper-training-teachingcoaching-and-preparing-2\/","og_site_name":"MKSZ Webshop","article_modified_time":"2026-03-19T11:09:23+00:00","og_image":[{"width":578,"height":823,"url":"https:\/\/handballshop.hu\/wp-content\/uploads\/2020\/11\/handballshop-hu-playhandball-goalkeeper-training-teachingcoaching-and-preparing-goalkeeper-training.jpg","type":"image\/jpeg"}],"twitter_card":"summary_large_image","twitter_misc":{"Est. reading time":"1 minute"},"schema":{"@context":"https:\/\/schema.org","@graph":[{"@type":"WebPage","@id":"https:\/\/handballshop.hu\/en\/termek\/goalkeeper-training-teachingcoaching-and-preparing-2\/","url":"https:\/\/handballshop.hu\/en\/termek\/goalkeeper-training-teachingcoaching-and-preparing-2\/","name":"Goalkeeper training teaching,coaching and preparing - MKSZ Webshop","isPartOf":{"@id":"https:\/\/handballshop.hu\/#website"},"primaryImageOfPage":{"@id":"https:\/\/handballshop.hu\/en\/termek\/goalkeeper-training-teachingcoaching-and-preparing-2\/#primaryimage"},"image":{"@id":"https:\/\/handballshop.hu\/en\/termek\/goalkeeper-training-teachingcoaching-and-preparing-2\/#primaryimage"},"thumbnailUrl":"https:\/\/handballshop.hu\/wp-content\/uploads\/2020\/11\/handballshop-hu-playhandball-goalkeeper-training-teachingcoaching-and-preparing-goalkeeper-training.jpg","datePublished":"2022-05-10T10:46:32+00:00","dateModified":"2026-03-19T11:09:23+00:00","breadcrumb":{"@id":"https:\/\/handballshop.hu\/en\/termek\/goalkeeper-training-teachingcoaching-and-preparing-2\/#breadcrumb"},"inLanguage":"en-US","potentialAction":[{"@type":"ReadAction","target":["https:\/\/handballshop.hu\/en\/termek\/goalkeeper-training-teachingcoaching-and-preparing-2\/"]}]},{"@type":"ImageObject","inLanguage":"en-US","@id":"https:\/\/handballshop.hu\/en\/termek\/goalkeeper-training-teachingcoaching-and-preparing-2\/#primaryimage","url":"https:\/\/handballshop.hu\/wp-content\/uploads\/2020\/11\/handballshop-hu-playhandball-goalkeeper-training-teachingcoaching-and-preparing-goalkeeper-training.jpg","contentUrl":"https:\/\/handballshop.hu\/wp-content\/uploads\/2020\/11\/handballshop-hu-playhandball-goalkeeper-training-teachingcoaching-and-preparing-goalkeeper-training.jpg","width":578,"height":823},{"@type":"BreadcrumbList","@id":"https:\/\/handballshop.hu\/en\/termek\/goalkeeper-training-teachingcoaching-and-preparing-2\/#breadcrumb","itemListElement":[{"@type":"ListItem","position":1,"name":"Home","item":"https:\/\/handballshop.hu\/en\/"},{"@type":"ListItem","position":2,"name":"Shop","item":"https:\/\/handballshop.hu\/en\/termekek\/"},{"@type":"ListItem","position":3,"name":"Goalkeeper training teaching,coaching and preparing"}]},{"@type":"WebSite","@id":"https:\/\/handballshop.hu\/#website","url":"https:\/\/handballshop.hu\/","name":"MKSZ Webshop","description":"Magyar K\u00e9zilabda Sz\u00f6vets\u00e9g web\u00e1ruh\u00e1za","potentialAction":[{"@type":"SearchAction","target":{"@type":"EntryPoint","urlTemplate":"https:\/\/handballshop.hu\/?s={search_term_string}"},"query-input":{"@type":"PropertyValueSpecification","valueRequired":true,"valueName":"search_term_string"}}],"inLanguage":"en-US"}]}},"_links":{"self":[{"href":"https:\/\/handballshop.hu\/en\/wp-json\/wp\/v2\/product\/4817","targetHints":{"allow":["GET"]}}],"collection":[{"href":"https:\/\/handballshop.hu\/en\/wp-json\/wp\/v2\/product"}],"about":[{"href":"https:\/\/handballshop.hu\/en\/wp-json\/wp\/v2\/types\/product"}],"wp:featuredmedia":[{"embeddable":true,"href":"https:\/\/handballshop.hu\/en\/wp-json\/wp\/v2\/media\/2746"}],"wp:attachment":[{"href":"https:\/\/handballshop.hu\/en\/wp-json\/wp\/v2\/media?parent=4817"}],"wp:term":[{"taxonomy":"product_brand","embeddable":true,"href":"https:\/\/handballshop.hu\/en\/wp-json\/wp\/v2\/product_brand?post=4817"},{"taxonomy":"product_cat","embeddable":true,"href":"https:\/\/handballshop.hu\/en\/wp-json\/wp\/v2\/product_cat?post=4817"},{"taxonomy":"product_tag","embeddable":true,"href":"https:\/\/handballshop.hu\/en\/wp-json\/wp\/v2\/product_tag?post=4817"},{"taxonomy":"gyarto","embeddable":true,"href":"https:\/\/handballshop.hu\/en\/wp-json\/wp\/v2\/gyarto?post=4817"}],"curies":[{"name":"wp","href":"https:\/\/api.w.org\/{rel}","templated":true}]}}