{"id":4816,"date":"2022-05-10T12:44:08","date_gmt":"2022-05-10T10:44:08","guid":{"rendered":"https:\/\/handballshop.hu\/?post_type=product&#038;p=4816"},"modified":"2026-03-19T12:09:23","modified_gmt":"2026-03-19T11:09:23","slug":"age-specific-manual-for-handball-coaches-2","status":"publish","type":"product","link":"https:\/\/handballshop.hu\/en\/termek\/age-specific-manual-for-handball-coaches-2\/","title":{"rendered":"Age-specific manual for handball coaches"},"content":{"rendered":"","protected":false},"excerpt":{"rendered":"<p>\u201eYou are holding a book in your hand that has been a long time in the making and per\u00adhaps should have been written earlier. Due to the rising popularity of the sport, to es\u00adcalating international competition and to the high expectations of fans and sport au\u00adthorities, the stakeholders of Hungarian handball were compelled to come up with a new strategy for the youth development program. A crucial element of this is that there be an adequate, unified piece of literature for the coaches and teachers taking part in coaching education and teaching handball in schools. With all this in mind, we have attempted to create a manual that can be utilised as a whole or chapter by chapter.<\/p>\n<p>We trust that this unique manual will help provide a higher standard of training and preparation for young players. it is our hope that the professionals will work with as much devotion, passion and sense of responsibility as what we felt when writing this book.<\/p>\n<p>Sincerely,<\/p>\n<p>The Authors\u201d<\/p>\n","protected":false},"featured_media":2747,"template":"","meta":{"_acf_changed":false,"itsec_x_frame_options":""},"product_brand":[],"product_cat":[198],"product_tag":[],"gyarto":[],"class_list":{"0":"post-4816","1":"product","2":"type-product","3":"status-publish","4":"has-post-thumbnail","6":"product_cat-textbooks","8":"first","9":"instock","10":"taxable","11":"shipping-taxable","12":"purchasable","13":"product-type-simple"},"acf":[],"yoast_head":"<!-- This site is optimized with the Yoast SEO plugin v27.4 - https:\/\/yoast.com\/product\/yoast-seo-wordpress\/ -->\n<title>Age-specific manual for handball coaches - MKSZ Webshop<\/title>\n<meta name=\"robots\" content=\"index, follow, max-snippet:-1, max-image-preview:large, max-video-preview:-1\" \/>\n<link rel=\"canonical\" href=\"https:\/\/handballshop.hu\/en\/termek\/age-specific-manual-for-handball-coaches-2\/\" \/>\n<meta property=\"og:locale\" content=\"en_US\" \/>\n<meta property=\"og:type\" content=\"article\" \/>\n<meta property=\"og:title\" content=\"Age-specific manual for handball coaches - MKSZ Webshop\" \/>\n<meta property=\"og:description\" content=\"\u201eYou are holding a book in your hand that has been a long time in the making and per\u00adhaps should have been written earlier. Due to the rising popularity of the sport, to es\u00adcalating international competition and to the high expectations of fans and sport au\u00adthorities, the stakeholders of Hungarian handball were compelled to come up with a new strategy for the youth development program. A crucial element of this is that there be an adequate, unified piece of literature for the coaches and teachers taking part in coaching education and teaching handball in schools. With all this in mind, we have attempted to create a manual that can be utilised as a whole or chapter by chapter.  We trust that this unique manual will help provide a higher standard of training and preparation for young players. it is our hope that the professionals will work with as much devotion, passion and sense of responsibility as what we felt when writing this book.  Sincerely,  The Authors\u201d\" \/>\n<meta property=\"og:url\" content=\"https:\/\/handballshop.hu\/en\/termek\/age-specific-manual-for-handball-coaches-2\/\" \/>\n<meta property=\"og:site_name\" content=\"MKSZ Webshop\" \/>\n<meta property=\"article:modified_time\" content=\"2026-03-19T11:09:23+00:00\" \/>\n<meta property=\"og:image\" content=\"https:\/\/handballshop.hu\/wp-content\/uploads\/2020\/11\/handballshop-hu-playhandball-age-specific-manual-for-handball-coaches-kezilabda-korosztalyos-b1-en-promo.jpg\" \/>\n\t<meta property=\"og:image:width\" content=\"1000\" \/>\n\t<meta property=\"og:image:height\" content=\"1446\" \/>\n\t<meta property=\"og:image:type\" content=\"image\/jpeg\" \/>\n<meta name=\"twitter:card\" content=\"summary_large_image\" \/>\n<meta name=\"twitter:label1\" content=\"Est. reading time\" \/>\n\t<meta name=\"twitter:data1\" content=\"1 minute\" \/>\n<script type=\"application\/ld+json\" class=\"yoast-schema-graph\">{\"@context\":\"https:\\\/\\\/schema.org\",\"@graph\":[{\"@type\":\"WebPage\",\"@id\":\"https:\\\/\\\/handballshop.hu\\\/en\\\/termek\\\/age-specific-manual-for-handball-coaches-2\\\/\",\"url\":\"https:\\\/\\\/handballshop.hu\\\/en\\\/termek\\\/age-specific-manual-for-handball-coaches-2\\\/\",\"name\":\"Age-specific manual for handball coaches - MKSZ Webshop\",\"isPartOf\":{\"@id\":\"https:\\\/\\\/handballshop.hu\\\/#website\"},\"primaryImageOfPage\":{\"@id\":\"https:\\\/\\\/handballshop.hu\\\/en\\\/termek\\\/age-specific-manual-for-handball-coaches-2\\\/#primaryimage\"},\"image\":{\"@id\":\"https:\\\/\\\/handballshop.hu\\\/en\\\/termek\\\/age-specific-manual-for-handball-coaches-2\\\/#primaryimage\"},\"thumbnailUrl\":\"https:\\\/\\\/handballshop.hu\\\/wp-content\\\/uploads\\\/2020\\\/11\\\/handballshop-hu-playhandball-age-specific-manual-for-handball-coaches-kezilabda-korosztalyos-b1-en-promo.jpg\",\"datePublished\":\"2022-05-10T10:44:08+00:00\",\"dateModified\":\"2026-03-19T11:09:23+00:00\",\"breadcrumb\":{\"@id\":\"https:\\\/\\\/handballshop.hu\\\/en\\\/termek\\\/age-specific-manual-for-handball-coaches-2\\\/#breadcrumb\"},\"inLanguage\":\"en-US\",\"potentialAction\":[{\"@type\":\"ReadAction\",\"target\":[\"https:\\\/\\\/handballshop.hu\\\/en\\\/termek\\\/age-specific-manual-for-handball-coaches-2\\\/\"]}]},{\"@type\":\"ImageObject\",\"inLanguage\":\"en-US\",\"@id\":\"https:\\\/\\\/handballshop.hu\\\/en\\\/termek\\\/age-specific-manual-for-handball-coaches-2\\\/#primaryimage\",\"url\":\"https:\\\/\\\/handballshop.hu\\\/wp-content\\\/uploads\\\/2020\\\/11\\\/handballshop-hu-playhandball-age-specific-manual-for-handball-coaches-kezilabda-korosztalyos-b1-en-promo.jpg\",\"contentUrl\":\"https:\\\/\\\/handballshop.hu\\\/wp-content\\\/uploads\\\/2020\\\/11\\\/handballshop-hu-playhandball-age-specific-manual-for-handball-coaches-kezilabda-korosztalyos-b1-en-promo.jpg\",\"width\":1000,\"height\":1446},{\"@type\":\"BreadcrumbList\",\"@id\":\"https:\\\/\\\/handballshop.hu\\\/en\\\/termek\\\/age-specific-manual-for-handball-coaches-2\\\/#breadcrumb\",\"itemListElement\":[{\"@type\":\"ListItem\",\"position\":1,\"name\":\"Home\",\"item\":\"https:\\\/\\\/handballshop.hu\\\/en\\\/\"},{\"@type\":\"ListItem\",\"position\":2,\"name\":\"Shop\",\"item\":\"https:\\\/\\\/handballshop.hu\\\/en\\\/termekek\\\/\"},{\"@type\":\"ListItem\",\"position\":3,\"name\":\"Age-specific manual for handball coaches\"}]},{\"@type\":\"WebSite\",\"@id\":\"https:\\\/\\\/handballshop.hu\\\/#website\",\"url\":\"https:\\\/\\\/handballshop.hu\\\/\",\"name\":\"MKSZ Webshop\",\"description\":\"Magyar K\u00e9zilabda Sz\u00f6vets\u00e9g web\u00e1ruh\u00e1za\",\"potentialAction\":[{\"@type\":\"SearchAction\",\"target\":{\"@type\":\"EntryPoint\",\"urlTemplate\":\"https:\\\/\\\/handballshop.hu\\\/?s={search_term_string}\"},\"query-input\":{\"@type\":\"PropertyValueSpecification\",\"valueRequired\":true,\"valueName\":\"search_term_string\"}}],\"inLanguage\":\"en-US\"}]}<\/script>\n<!-- \/ Yoast SEO plugin. -->","yoast_head_json":{"title":"Age-specific manual for handball coaches - MKSZ Webshop","robots":{"index":"index","follow":"follow","max-snippet":"max-snippet:-1","max-image-preview":"max-image-preview:large","max-video-preview":"max-video-preview:-1"},"canonical":"https:\/\/handballshop.hu\/en\/termek\/age-specific-manual-for-handball-coaches-2\/","og_locale":"en_US","og_type":"article","og_title":"Age-specific manual for handball coaches - MKSZ Webshop","og_description":"\u201eYou are holding a book in your hand that has been a long time in the making and per\u00adhaps should have been written earlier. Due to the rising popularity of the sport, to es\u00adcalating international competition and to the high expectations of fans and sport au\u00adthorities, the stakeholders of Hungarian handball were compelled to come up with a new strategy for the youth development program. A crucial element of this is that there be an adequate, unified piece of literature for the coaches and teachers taking part in coaching education and teaching handball in schools. With all this in mind, we have attempted to create a manual that can be utilised as a whole or chapter by chapter.  We trust that this unique manual will help provide a higher standard of training and preparation for young players. it is our hope that the professionals will work with as much devotion, passion and sense of responsibility as what we felt when writing this book.  Sincerely,  The Authors\u201d","og_url":"https:\/\/handballshop.hu\/en\/termek\/age-specific-manual-for-handball-coaches-2\/","og_site_name":"MKSZ Webshop","article_modified_time":"2026-03-19T11:09:23+00:00","og_image":[{"width":1000,"height":1446,"url":"https:\/\/handballshop.hu\/wp-content\/uploads\/2020\/11\/handballshop-hu-playhandball-age-specific-manual-for-handball-coaches-kezilabda-korosztalyos-b1-en-promo.jpg","type":"image\/jpeg"}],"twitter_card":"summary_large_image","twitter_misc":{"Est. reading time":"1 minute"},"schema":{"@context":"https:\/\/schema.org","@graph":[{"@type":"WebPage","@id":"https:\/\/handballshop.hu\/en\/termek\/age-specific-manual-for-handball-coaches-2\/","url":"https:\/\/handballshop.hu\/en\/termek\/age-specific-manual-for-handball-coaches-2\/","name":"Age-specific manual for handball coaches - MKSZ Webshop","isPartOf":{"@id":"https:\/\/handballshop.hu\/#website"},"primaryImageOfPage":{"@id":"https:\/\/handballshop.hu\/en\/termek\/age-specific-manual-for-handball-coaches-2\/#primaryimage"},"image":{"@id":"https:\/\/handballshop.hu\/en\/termek\/age-specific-manual-for-handball-coaches-2\/#primaryimage"},"thumbnailUrl":"https:\/\/handballshop.hu\/wp-content\/uploads\/2020\/11\/handballshop-hu-playhandball-age-specific-manual-for-handball-coaches-kezilabda-korosztalyos-b1-en-promo.jpg","datePublished":"2022-05-10T10:44:08+00:00","dateModified":"2026-03-19T11:09:23+00:00","breadcrumb":{"@id":"https:\/\/handballshop.hu\/en\/termek\/age-specific-manual-for-handball-coaches-2\/#breadcrumb"},"inLanguage":"en-US","potentialAction":[{"@type":"ReadAction","target":["https:\/\/handballshop.hu\/en\/termek\/age-specific-manual-for-handball-coaches-2\/"]}]},{"@type":"ImageObject","inLanguage":"en-US","@id":"https:\/\/handballshop.hu\/en\/termek\/age-specific-manual-for-handball-coaches-2\/#primaryimage","url":"https:\/\/handballshop.hu\/wp-content\/uploads\/2020\/11\/handballshop-hu-playhandball-age-specific-manual-for-handball-coaches-kezilabda-korosztalyos-b1-en-promo.jpg","contentUrl":"https:\/\/handballshop.hu\/wp-content\/uploads\/2020\/11\/handballshop-hu-playhandball-age-specific-manual-for-handball-coaches-kezilabda-korosztalyos-b1-en-promo.jpg","width":1000,"height":1446},{"@type":"BreadcrumbList","@id":"https:\/\/handballshop.hu\/en\/termek\/age-specific-manual-for-handball-coaches-2\/#breadcrumb","itemListElement":[{"@type":"ListItem","position":1,"name":"Home","item":"https:\/\/handballshop.hu\/en\/"},{"@type":"ListItem","position":2,"name":"Shop","item":"https:\/\/handballshop.hu\/en\/termekek\/"},{"@type":"ListItem","position":3,"name":"Age-specific manual for handball coaches"}]},{"@type":"WebSite","@id":"https:\/\/handballshop.hu\/#website","url":"https:\/\/handballshop.hu\/","name":"MKSZ Webshop","description":"Magyar K\u00e9zilabda Sz\u00f6vets\u00e9g web\u00e1ruh\u00e1za","potentialAction":[{"@type":"SearchAction","target":{"@type":"EntryPoint","urlTemplate":"https:\/\/handballshop.hu\/?s={search_term_string}"},"query-input":{"@type":"PropertyValueSpecification","valueRequired":true,"valueName":"search_term_string"}}],"inLanguage":"en-US"}]}},"_links":{"self":[{"href":"https:\/\/handballshop.hu\/en\/wp-json\/wp\/v2\/product\/4816","targetHints":{"allow":["GET"]}}],"collection":[{"href":"https:\/\/handballshop.hu\/en\/wp-json\/wp\/v2\/product"}],"about":[{"href":"https:\/\/handballshop.hu\/en\/wp-json\/wp\/v2\/types\/product"}],"wp:featuredmedia":[{"embeddable":true,"href":"https:\/\/handballshop.hu\/en\/wp-json\/wp\/v2\/media\/2747"}],"wp:attachment":[{"href":"https:\/\/handballshop.hu\/en\/wp-json\/wp\/v2\/media?parent=4816"}],"wp:term":[{"taxonomy":"product_brand","embeddable":true,"href":"https:\/\/handballshop.hu\/en\/wp-json\/wp\/v2\/product_brand?post=4816"},{"taxonomy":"product_cat","embeddable":true,"href":"https:\/\/handballshop.hu\/en\/wp-json\/wp\/v2\/product_cat?post=4816"},{"taxonomy":"product_tag","embeddable":true,"href":"https:\/\/handballshop.hu\/en\/wp-json\/wp\/v2\/product_tag?post=4816"},{"taxonomy":"gyarto","embeddable":true,"href":"https:\/\/handballshop.hu\/en\/wp-json\/wp\/v2\/gyarto?post=4816"}],"curies":[{"name":"wp","href":"https:\/\/api.w.org\/{rel}","templated":true}]}}