{"id":4814,"date":"2022-05-10T12:38:46","date_gmt":"2022-05-10T10:38:46","guid":{"rendered":"https:\/\/handballshop.hu\/?post_type=product&#038;p=4814"},"modified":"2026-03-19T12:09:23","modified_gmt":"2026-03-19T11:09:23","slug":"position-specific-training-in-handball-2","status":"publish","type":"product","link":"https:\/\/handballshop.hu\/en\/termek\/position-specific-training-in-handball-2\/","title":{"rendered":"Position Specific Training in Handball"},"content":{"rendered":"","protected":false},"excerpt":{"rendered":"<p><em>Position Specific Training in Handball<\/em>, our newest publication, aims to facilitate the development of adult or junior players.<\/p>\n<p>For better understanding, each position&#8217;s specific technical and tactical basic element is supplemented with 47 video clips which were produced by the <em>Hungarian University of Physical Education&#8217;s T\u00c1MOP Project<\/em> with the help of this book&#8217;s authors. These can be viewed with the help of a QR code reader app. They are teaching videos which assist the technical preparation that each position&#8217;s movement repertoire requires.<\/p>\n<p>We trust that this position specific and exercise manual will help readers acquire a good foundation of the <em>combined development of attacking and defending tasks<\/em> and this will help to create a better balance between attacking and defending activity as well as the formation of more effective and realistic training perspective.<\/p>\n","protected":false},"featured_media":4548,"template":"","meta":{"_acf_changed":false,"itsec_x_frame_options":""},"product_brand":[],"product_cat":[198],"product_tag":[],"gyarto":[],"class_list":{"0":"post-4814","1":"product","2":"type-product","3":"status-publish","4":"has-post-thumbnail","6":"product_cat-textbooks","8":"first","9":"onbackorder","10":"taxable","11":"shipping-taxable","12":"purchasable","13":"product-type-simple"},"acf":[],"yoast_head":"<!-- This site is optimized with the Yoast SEO plugin v27.5 - https:\/\/yoast.com\/product\/yoast-seo-wordpress\/ -->\n<title>Position Specific Training in Handball - MKSZ Webshop<\/title>\n<meta name=\"robots\" content=\"index, follow, max-snippet:-1, max-image-preview:large, max-video-preview:-1\" \/>\n<link rel=\"canonical\" href=\"https:\/\/handballshop.hu\/en\/termek\/position-specific-training-in-handball-2\/\" \/>\n<meta property=\"og:locale\" content=\"en_US\" \/>\n<meta property=\"og:type\" content=\"article\" \/>\n<meta property=\"og:title\" content=\"Position Specific Training in Handball - MKSZ Webshop\" \/>\n<meta property=\"og:description\" content=\"Position Specific Training in Handball, our newest publication, aims to facilitate the development of adult or junior players.  For better understanding, each position&#039;s specific technical and tactical basic element is supplemented with 47 video clips which were produced by the Hungarian University of Physical Education&#039;s T\u00c1MOP Project with the help of this book&#039;s authors. These can be viewed with the help of a QR code reader app. They are teaching videos which assist the technical preparation that each position&#039;s movement repertoire requires.  We trust that this position specific and exercise manual will help readers acquire a good foundation of the combined development of attacking and defending tasks and this will help to create a better balance between attacking and defending activity as well as the formation of more effective and realistic training perspective.\" \/>\n<meta property=\"og:url\" content=\"https:\/\/handballshop.hu\/en\/termek\/position-specific-training-in-handball-2\/\" \/>\n<meta property=\"og:site_name\" content=\"MKSZ Webshop\" \/>\n<meta property=\"article:modified_time\" content=\"2026-03-19T11:09:23+00:00\" \/>\n<meta property=\"og:image\" content=\"https:\/\/handballshop.hu\/wp-content\/uploads\/2022\/02\/handballshop-hu-position-specific-training-in-handball-img-2913-scaled.jpg\" \/>\n\t<meta property=\"og:image:width\" content=\"1654\" \/>\n\t<meta property=\"og:image:height\" content=\"2560\" \/>\n\t<meta property=\"og:image:type\" content=\"image\/jpeg\" \/>\n<meta name=\"twitter:card\" content=\"summary_large_image\" \/>\n<meta name=\"twitter:label1\" content=\"Est. reading time\" \/>\n\t<meta name=\"twitter:data1\" content=\"1 minute\" \/>\n<script type=\"application\/ld+json\" class=\"yoast-schema-graph\">{\"@context\":\"https:\\\/\\\/schema.org\",\"@graph\":[{\"@type\":\"WebPage\",\"@id\":\"https:\\\/\\\/handballshop.hu\\\/en\\\/termek\\\/position-specific-training-in-handball-2\\\/\",\"url\":\"https:\\\/\\\/handballshop.hu\\\/en\\\/termek\\\/position-specific-training-in-handball-2\\\/\",\"name\":\"Position Specific Training in Handball - MKSZ Webshop\",\"isPartOf\":{\"@id\":\"https:\\\/\\\/handballshop.hu\\\/#website\"},\"primaryImageOfPage\":{\"@id\":\"https:\\\/\\\/handballshop.hu\\\/en\\\/termek\\\/position-specific-training-in-handball-2\\\/#primaryimage\"},\"image\":{\"@id\":\"https:\\\/\\\/handballshop.hu\\\/en\\\/termek\\\/position-specific-training-in-handball-2\\\/#primaryimage\"},\"thumbnailUrl\":\"https:\\\/\\\/handballshop.hu\\\/wp-content\\\/uploads\\\/2022\\\/02\\\/handballshop-hu-position-specific-training-in-handball-img-2913-scaled.jpg\",\"datePublished\":\"2022-05-10T10:38:46+00:00\",\"dateModified\":\"2026-03-19T11:09:23+00:00\",\"breadcrumb\":{\"@id\":\"https:\\\/\\\/handballshop.hu\\\/en\\\/termek\\\/position-specific-training-in-handball-2\\\/#breadcrumb\"},\"inLanguage\":\"en-US\",\"potentialAction\":[{\"@type\":\"ReadAction\",\"target\":[\"https:\\\/\\\/handballshop.hu\\\/en\\\/termek\\\/position-specific-training-in-handball-2\\\/\"]}]},{\"@type\":\"ImageObject\",\"inLanguage\":\"en-US\",\"@id\":\"https:\\\/\\\/handballshop.hu\\\/en\\\/termek\\\/position-specific-training-in-handball-2\\\/#primaryimage\",\"url\":\"https:\\\/\\\/handballshop.hu\\\/wp-content\\\/uploads\\\/2022\\\/02\\\/handballshop-hu-position-specific-training-in-handball-img-2913-scaled.jpg\",\"contentUrl\":\"https:\\\/\\\/handballshop.hu\\\/wp-content\\\/uploads\\\/2022\\\/02\\\/handballshop-hu-position-specific-training-in-handball-img-2913-scaled.jpg\",\"width\":1654,\"height\":2560},{\"@type\":\"BreadcrumbList\",\"@id\":\"https:\\\/\\\/handballshop.hu\\\/en\\\/termek\\\/position-specific-training-in-handball-2\\\/#breadcrumb\",\"itemListElement\":[{\"@type\":\"ListItem\",\"position\":1,\"name\":\"Home\",\"item\":\"https:\\\/\\\/handballshop.hu\\\/en\\\/\"},{\"@type\":\"ListItem\",\"position\":2,\"name\":\"Shop\",\"item\":\"https:\\\/\\\/handballshop.hu\\\/en\\\/termekek\\\/\"},{\"@type\":\"ListItem\",\"position\":3,\"name\":\"Position Specific Training in Handball\"}]},{\"@type\":\"WebSite\",\"@id\":\"https:\\\/\\\/handballshop.hu\\\/#website\",\"url\":\"https:\\\/\\\/handballshop.hu\\\/\",\"name\":\"MKSZ Webshop\",\"description\":\"Magyar K\u00e9zilabda Sz\u00f6vets\u00e9g web\u00e1ruh\u00e1za\",\"potentialAction\":[{\"@type\":\"SearchAction\",\"target\":{\"@type\":\"EntryPoint\",\"urlTemplate\":\"https:\\\/\\\/handballshop.hu\\\/?s={search_term_string}\"},\"query-input\":{\"@type\":\"PropertyValueSpecification\",\"valueRequired\":true,\"valueName\":\"search_term_string\"}}],\"inLanguage\":\"en-US\"}]}<\/script>\n<!-- \/ Yoast SEO plugin. -->","yoast_head_json":{"title":"Position Specific Training in Handball - MKSZ Webshop","robots":{"index":"index","follow":"follow","max-snippet":"max-snippet:-1","max-image-preview":"max-image-preview:large","max-video-preview":"max-video-preview:-1"},"canonical":"https:\/\/handballshop.hu\/en\/termek\/position-specific-training-in-handball-2\/","og_locale":"en_US","og_type":"article","og_title":"Position Specific Training in Handball - MKSZ Webshop","og_description":"Position Specific Training in Handball, our newest publication, aims to facilitate the development of adult or junior players.  For better understanding, each position's specific technical and tactical basic element is supplemented with 47 video clips which were produced by the Hungarian University of Physical Education's T\u00c1MOP Project with the help of this book's authors. These can be viewed with the help of a QR code reader app. They are teaching videos which assist the technical preparation that each position's movement repertoire requires.  We trust that this position specific and exercise manual will help readers acquire a good foundation of the combined development of attacking and defending tasks and this will help to create a better balance between attacking and defending activity as well as the formation of more effective and realistic training perspective.","og_url":"https:\/\/handballshop.hu\/en\/termek\/position-specific-training-in-handball-2\/","og_site_name":"MKSZ Webshop","article_modified_time":"2026-03-19T11:09:23+00:00","og_image":[{"width":1654,"height":2560,"url":"https:\/\/handballshop.hu\/wp-content\/uploads\/2022\/02\/handballshop-hu-position-specific-training-in-handball-img-2913-scaled.jpg","type":"image\/jpeg"}],"twitter_card":"summary_large_image","twitter_misc":{"Est. reading time":"1 minute"},"schema":{"@context":"https:\/\/schema.org","@graph":[{"@type":"WebPage","@id":"https:\/\/handballshop.hu\/en\/termek\/position-specific-training-in-handball-2\/","url":"https:\/\/handballshop.hu\/en\/termek\/position-specific-training-in-handball-2\/","name":"Position Specific Training in Handball - MKSZ Webshop","isPartOf":{"@id":"https:\/\/handballshop.hu\/#website"},"primaryImageOfPage":{"@id":"https:\/\/handballshop.hu\/en\/termek\/position-specific-training-in-handball-2\/#primaryimage"},"image":{"@id":"https:\/\/handballshop.hu\/en\/termek\/position-specific-training-in-handball-2\/#primaryimage"},"thumbnailUrl":"https:\/\/handballshop.hu\/wp-content\/uploads\/2022\/02\/handballshop-hu-position-specific-training-in-handball-img-2913-scaled.jpg","datePublished":"2022-05-10T10:38:46+00:00","dateModified":"2026-03-19T11:09:23+00:00","breadcrumb":{"@id":"https:\/\/handballshop.hu\/en\/termek\/position-specific-training-in-handball-2\/#breadcrumb"},"inLanguage":"en-US","potentialAction":[{"@type":"ReadAction","target":["https:\/\/handballshop.hu\/en\/termek\/position-specific-training-in-handball-2\/"]}]},{"@type":"ImageObject","inLanguage":"en-US","@id":"https:\/\/handballshop.hu\/en\/termek\/position-specific-training-in-handball-2\/#primaryimage","url":"https:\/\/handballshop.hu\/wp-content\/uploads\/2022\/02\/handballshop-hu-position-specific-training-in-handball-img-2913-scaled.jpg","contentUrl":"https:\/\/handballshop.hu\/wp-content\/uploads\/2022\/02\/handballshop-hu-position-specific-training-in-handball-img-2913-scaled.jpg","width":1654,"height":2560},{"@type":"BreadcrumbList","@id":"https:\/\/handballshop.hu\/en\/termek\/position-specific-training-in-handball-2\/#breadcrumb","itemListElement":[{"@type":"ListItem","position":1,"name":"Home","item":"https:\/\/handballshop.hu\/en\/"},{"@type":"ListItem","position":2,"name":"Shop","item":"https:\/\/handballshop.hu\/en\/termekek\/"},{"@type":"ListItem","position":3,"name":"Position Specific Training in Handball"}]},{"@type":"WebSite","@id":"https:\/\/handballshop.hu\/#website","url":"https:\/\/handballshop.hu\/","name":"MKSZ Webshop","description":"Magyar K\u00e9zilabda Sz\u00f6vets\u00e9g web\u00e1ruh\u00e1za","potentialAction":[{"@type":"SearchAction","target":{"@type":"EntryPoint","urlTemplate":"https:\/\/handballshop.hu\/?s={search_term_string}"},"query-input":{"@type":"PropertyValueSpecification","valueRequired":true,"valueName":"search_term_string"}}],"inLanguage":"en-US"}]}},"_links":{"self":[{"href":"https:\/\/handballshop.hu\/en\/wp-json\/wp\/v2\/product\/4814","targetHints":{"allow":["GET"]}}],"collection":[{"href":"https:\/\/handballshop.hu\/en\/wp-json\/wp\/v2\/product"}],"about":[{"href":"https:\/\/handballshop.hu\/en\/wp-json\/wp\/v2\/types\/product"}],"wp:featuredmedia":[{"embeddable":true,"href":"https:\/\/handballshop.hu\/en\/wp-json\/wp\/v2\/media\/4548"}],"wp:attachment":[{"href":"https:\/\/handballshop.hu\/en\/wp-json\/wp\/v2\/media?parent=4814"}],"wp:term":[{"taxonomy":"product_brand","embeddable":true,"href":"https:\/\/handballshop.hu\/en\/wp-json\/wp\/v2\/product_brand?post=4814"},{"taxonomy":"product_cat","embeddable":true,"href":"https:\/\/handballshop.hu\/en\/wp-json\/wp\/v2\/product_cat?post=4814"},{"taxonomy":"product_tag","embeddable":true,"href":"https:\/\/handballshop.hu\/en\/wp-json\/wp\/v2\/product_tag?post=4814"},{"taxonomy":"gyarto","embeddable":true,"href":"https:\/\/handballshop.hu\/en\/wp-json\/wp\/v2\/gyarto?post=4814"}],"curies":[{"name":"wp","href":"https:\/\/api.w.org\/{rel}","templated":true}]}}