{"id":2894,"date":"2017-01-30T18:14:22","date_gmt":"2017-01-30T17:14:22","guid":{"rendered":"https:\/\/handballshop.hu\/szallitasi-modok\/"},"modified":"2021-06-10T11:13:40","modified_gmt":"2021-06-10T09:13:40","slug":"shipping","status":"publish","type":"page","link":"https:\/\/handballshop.hu\/en\/shipping\/","title":{"rendered":"Shipping"},"content":{"rendered":"<p><strong>Personal delivery:<\/strong><\/p>\n<p>You can pick up your order at K\u00e9zishop during opening hours. If you choose personal delivery, you can pay in cash or by credit card.<\/p>\n<p><strong>Courier service:<\/strong><\/p>\n<p>Delivery can be expected on working days between 8 am and 5 pm. If the courier has got a question for you, they might call you on the day of delivery, so please make sure to enter a phone number where the courier can reach you if necessary.<\/p>\n<p>GLS will attempt to deliver an order twice. If the first attempt is unsuccessful, the courier will leave a note of the attempted delivery, and will contact the customer about the time and location of the second delivery.<\/p>\n<p><strong>Delivery fee:<\/strong><\/p>\n<p>For deliveries in Hungary, the delivery fee is 1500 HUF per order<\/p>\n<p>For deliveries abroad, the fees vary depending on location and the size of the package. The appropriate fee will be calculated upon checkout.<\/p>\n","protected":false},"excerpt":{"rendered":"<p>Personal delivery: You can pick up your order at K\u00e9zishop during opening hours. If you choose personal delivery, you can pay in cash or by credit card. Courier service: Delivery can be expected on working days between 8 am and 5 pm. If the courier has got a question for you, they might call you [&hellip;]<\/p>\n","protected":false},"author":1,"featured_media":0,"parent":0,"menu_order":33,"comment_status":"closed","ping_status":"closed","template":"","meta":{"_acf_changed":false,"itsec_x_frame_options":"","footnotes":""},"class_list":["post-2894","page","type-page","status-publish","hentry"],"acf":[],"yoast_head":"<!-- This site is optimized with the Yoast SEO plugin v27.4 - https:\/\/yoast.com\/product\/yoast-seo-wordpress\/ -->\n<title>Shipping - MKSZ Webshop<\/title>\n<meta name=\"robots\" content=\"index, follow, max-snippet:-1, max-image-preview:large, max-video-preview:-1\" \/>\n<link rel=\"canonical\" href=\"https:\/\/handballshop.hu\/en\/shipping\/\" \/>\n<meta property=\"og:locale\" content=\"en_US\" \/>\n<meta property=\"og:type\" content=\"article\" \/>\n<meta property=\"og:title\" content=\"Shipping - MKSZ Webshop\" \/>\n<meta property=\"og:description\" content=\"Personal delivery: You can pick up your order at K\u00e9zishop during opening hours. If you choose personal delivery, you can pay in cash or by credit card. Courier service: Delivery can be expected on working days between 8 am and 5 pm. If the courier has got a question for you, they might call you [&hellip;]\" \/>\n<meta property=\"og:url\" content=\"https:\/\/handballshop.hu\/en\/shipping\/\" \/>\n<meta property=\"og:site_name\" content=\"MKSZ Webshop\" \/>\n<meta property=\"article:modified_time\" content=\"2021-06-10T09:13:40+00:00\" \/>\n<meta name=\"twitter:card\" content=\"summary_large_image\" \/>\n<meta name=\"twitter:label1\" content=\"Est. reading time\" \/>\n\t<meta name=\"twitter:data1\" content=\"1 minute\" \/>\n<script type=\"application\/ld+json\" class=\"yoast-schema-graph\">{\"@context\":\"https:\\\/\\\/schema.org\",\"@graph\":[{\"@type\":\"WebPage\",\"@id\":\"https:\\\/\\\/handballshop.hu\\\/en\\\/shipping\\\/\",\"url\":\"https:\\\/\\\/handballshop.hu\\\/en\\\/shipping\\\/\",\"name\":\"Shipping - MKSZ Webshop\",\"isPartOf\":{\"@id\":\"https:\\\/\\\/handballshop.hu\\\/#website\"},\"datePublished\":\"2017-01-30T17:14:22+00:00\",\"dateModified\":\"2021-06-10T09:13:40+00:00\",\"breadcrumb\":{\"@id\":\"https:\\\/\\\/handballshop.hu\\\/en\\\/shipping\\\/#breadcrumb\"},\"inLanguage\":\"en-US\",\"potentialAction\":[{\"@type\":\"ReadAction\",\"target\":[\"https:\\\/\\\/handballshop.hu\\\/en\\\/shipping\\\/\"]}]},{\"@type\":\"BreadcrumbList\",\"@id\":\"https:\\\/\\\/handballshop.hu\\\/en\\\/shipping\\\/#breadcrumb\",\"itemListElement\":[{\"@type\":\"ListItem\",\"position\":1,\"name\":\"Home\",\"item\":\"https:\\\/\\\/handballshop.hu\\\/en\\\/\"},{\"@type\":\"ListItem\",\"position\":2,\"name\":\"Shipping\"}]},{\"@type\":\"WebSite\",\"@id\":\"https:\\\/\\\/handballshop.hu\\\/#website\",\"url\":\"https:\\\/\\\/handballshop.hu\\\/\",\"name\":\"MKSZ Webshop\",\"description\":\"Magyar K\u00e9zilabda Sz\u00f6vets\u00e9g web\u00e1ruh\u00e1za\",\"potentialAction\":[{\"@type\":\"SearchAction\",\"target\":{\"@type\":\"EntryPoint\",\"urlTemplate\":\"https:\\\/\\\/handballshop.hu\\\/?s={search_term_string}\"},\"query-input\":{\"@type\":\"PropertyValueSpecification\",\"valueRequired\":true,\"valueName\":\"search_term_string\"}}],\"inLanguage\":\"en-US\"}]}<\/script>\n<!-- \/ Yoast SEO plugin. -->","yoast_head_json":{"title":"Shipping - MKSZ Webshop","robots":{"index":"index","follow":"follow","max-snippet":"max-snippet:-1","max-image-preview":"max-image-preview:large","max-video-preview":"max-video-preview:-1"},"canonical":"https:\/\/handballshop.hu\/en\/shipping\/","og_locale":"en_US","og_type":"article","og_title":"Shipping - MKSZ Webshop","og_description":"Personal delivery: You can pick up your order at K\u00e9zishop during opening hours. If you choose personal delivery, you can pay in cash or by credit card. Courier service: Delivery can be expected on working days between 8 am and 5 pm. If the courier has got a question for you, they might call you [&hellip;]","og_url":"https:\/\/handballshop.hu\/en\/shipping\/","og_site_name":"MKSZ Webshop","article_modified_time":"2021-06-10T09:13:40+00:00","twitter_card":"summary_large_image","twitter_misc":{"Est. reading time":"1 minute"},"schema":{"@context":"https:\/\/schema.org","@graph":[{"@type":"WebPage","@id":"https:\/\/handballshop.hu\/en\/shipping\/","url":"https:\/\/handballshop.hu\/en\/shipping\/","name":"Shipping - MKSZ Webshop","isPartOf":{"@id":"https:\/\/handballshop.hu\/#website"},"datePublished":"2017-01-30T17:14:22+00:00","dateModified":"2021-06-10T09:13:40+00:00","breadcrumb":{"@id":"https:\/\/handballshop.hu\/en\/shipping\/#breadcrumb"},"inLanguage":"en-US","potentialAction":[{"@type":"ReadAction","target":["https:\/\/handballshop.hu\/en\/shipping\/"]}]},{"@type":"BreadcrumbList","@id":"https:\/\/handballshop.hu\/en\/shipping\/#breadcrumb","itemListElement":[{"@type":"ListItem","position":1,"name":"Home","item":"https:\/\/handballshop.hu\/en\/"},{"@type":"ListItem","position":2,"name":"Shipping"}]},{"@type":"WebSite","@id":"https:\/\/handballshop.hu\/#website","url":"https:\/\/handballshop.hu\/","name":"MKSZ Webshop","description":"Magyar K\u00e9zilabda Sz\u00f6vets\u00e9g web\u00e1ruh\u00e1za","potentialAction":[{"@type":"SearchAction","target":{"@type":"EntryPoint","urlTemplate":"https:\/\/handballshop.hu\/?s={search_term_string}"},"query-input":{"@type":"PropertyValueSpecification","valueRequired":true,"valueName":"search_term_string"}}],"inLanguage":"en-US"}]}},"_links":{"self":[{"href":"https:\/\/handballshop.hu\/en\/wp-json\/wp\/v2\/pages\/2894","targetHints":{"allow":["GET"]}}],"collection":[{"href":"https:\/\/handballshop.hu\/en\/wp-json\/wp\/v2\/pages"}],"about":[{"href":"https:\/\/handballshop.hu\/en\/wp-json\/wp\/v2\/types\/page"}],"author":[{"embeddable":true,"href":"https:\/\/handballshop.hu\/en\/wp-json\/wp\/v2\/users\/1"}],"replies":[{"embeddable":true,"href":"https:\/\/handballshop.hu\/en\/wp-json\/wp\/v2\/comments?post=2894"}],"version-history":[{"count":0,"href":"https:\/\/handballshop.hu\/en\/wp-json\/wp\/v2\/pages\/2894\/revisions"}],"wp:attachment":[{"href":"https:\/\/handballshop.hu\/en\/wp-json\/wp\/v2\/media?parent=2894"}],"curies":[{"name":"wp","href":"https:\/\/api.w.org\/{rel}","templated":true}]}}