{"id":2876,"date":"2017-01-30T18:14:41","date_gmt":"2017-01-30T17:14:41","guid":{"rendered":"https:\/\/handballshop.hu\/fizetesi-modok\/"},"modified":"2021-06-10T11:08:29","modified_gmt":"2021-06-10T09:08:29","slug":"payment-methods","status":"publish","type":"page","link":"https:\/\/handballshop.hu\/en\/payment-methods\/","title":{"rendered":"Payment methods"},"content":{"rendered":"<h2><strong>Cash<\/strong><\/h2>\n<p>Upon personal delivery an order can be paid in cash in our shop (1087. Budapest, K\u00f6nyves K\u00e1lm\u00e1n krt. 76) during opening hours, without any additional costs.<\/p>\n<h2><strong>Card<\/strong><\/h2>\n<p>You can pay by card online, as well as in our shop upon personal delivery. If you choose to pay online by card, you will be redirected to the K&amp;H Bank payment page after placing your order.<\/p>\n<h3>Which cards can be used for payment?<\/h3>\n<ul>\n<li><strong>Visa<\/strong> (embossed)<\/li>\n<li><strong>MasterCard<\/strong> (embossed)<\/li>\n<li><strong>American Express<\/strong> (embossed)<\/li>\n<li><strong>Electron (<\/strong>not embossed): for these cards, it is up to the issuing bank to determine whether it allows the card to be used online. If the bank that issued your Electron card allows you to use your card online, you can of course pay with your card in our online shop. For more information, please contact the bank that issued your card.<\/li>\n<li><strong>Maestro:<\/strong>\u00a0If the issuing bank allows your Maestro card to be used for online payments, you will be able to use it in our shop as well. Please contact your bank for more information.<\/li>\n<\/ul>\n<h3>What should you look out for when entering your card details?<\/h3>\n<ul>\n<li><strong>Card holder:<\/strong> Please enter the card holder\u2019s name found on the card.<\/li>\n<li><strong>Card number:<\/strong> Please enter the 16-digit number in the front of the card. You only need to type in numbers, without any spaces or hyphens.<\/li>\n<li><strong>Expiration date:<\/strong> The expiration date is given in a MM\/YY format (e.g. May 2021: 05\/21).<\/li>\n<li><strong>CVC\/CVV:<\/strong> Embossed cards always have a CVC, not embossed cards might also have it. The CVC is a 3-digit code which can be found in the reverse side of the card, next to the signature strip. Please enter the CVC if your card has one.<\/li>\n<\/ul>\n<p>&nbsp;<\/p>\n<p><img loading=\"lazy\" decoding=\"async\" class=\"aligncenter size-full wp-image-618\" src=\"https:\/\/handballshop.hu\/\/wp-content\/uploads\/2020\/08\/playhandball-fizetesi-modok-kkh-cimke-300x86-1.png\" alt=\"\" width=\"300\" height=\"86\" \/><\/p>\n<p><img loading=\"lazy\" decoding=\"async\" class=\"aligncenter size-full wp-image-619\" src=\"https:\/\/handballshop.hu\/\/wp-content\/uploads\/2020\/08\/playhandball-fizetesi-modok-header-schemes-1-v2.png\" alt=\"\" width=\"256\" height=\"35\" \/><\/p>\n","protected":false},"excerpt":{"rendered":"<p>Cash Upon personal delivery an order can be paid in cash in our shop (1087. Budapest, K\u00f6nyves K\u00e1lm\u00e1n krt. 76) during opening hours, without any additional costs. Card You can pay by card online, as well as in our shop upon personal delivery. If you choose to pay online by card, you will be redirected [&hellip;]<\/p>\n","protected":false},"author":1,"featured_media":0,"parent":0,"menu_order":18,"comment_status":"closed","ping_status":"closed","template":"","meta":{"_acf_changed":false,"itsec_x_frame_options":"","footnotes":""},"class_list":["post-2876","page","type-page","status-publish","hentry"],"acf":[],"yoast_head":"<!-- This site is optimized with the Yoast SEO plugin v27.4 - https:\/\/yoast.com\/product\/yoast-seo-wordpress\/ -->\n<title>Payment methods - MKSZ Webshop<\/title>\n<meta name=\"robots\" content=\"index, follow, max-snippet:-1, max-image-preview:large, max-video-preview:-1\" \/>\n<link rel=\"canonical\" href=\"https:\/\/handballshop.hu\/en\/payment-methods\/\" \/>\n<meta property=\"og:locale\" content=\"en_US\" \/>\n<meta property=\"og:type\" content=\"article\" \/>\n<meta property=\"og:title\" content=\"Payment methods - MKSZ Webshop\" \/>\n<meta property=\"og:description\" content=\"Cash Upon personal delivery an order can be paid in cash in our shop (1087. Budapest, K\u00f6nyves K\u00e1lm\u00e1n krt. 76) during opening hours, without any additional costs. Card You can pay by card online, as well as in our shop upon personal delivery. If you choose to pay online by card, you will be redirected [&hellip;]\" \/>\n<meta property=\"og:url\" content=\"https:\/\/handballshop.hu\/en\/payment-methods\/\" \/>\n<meta property=\"og:site_name\" content=\"MKSZ Webshop\" \/>\n<meta property=\"article:modified_time\" content=\"2021-06-10T09:08:29+00:00\" \/>\n<meta property=\"og:image\" content=\"https:\/\/handballshop.hu\/\/wp-content\/uploads\/2020\/08\/playhandball-fizetesi-modok-kkh-cimke-300x86-1.png\" \/>\n<meta name=\"twitter:card\" content=\"summary_large_image\" \/>\n<meta name=\"twitter:label1\" content=\"Est. reading time\" \/>\n\t<meta name=\"twitter:data1\" content=\"1 minute\" \/>\n<script type=\"application\/ld+json\" class=\"yoast-schema-graph\">{\"@context\":\"https:\\\/\\\/schema.org\",\"@graph\":[{\"@type\":\"WebPage\",\"@id\":\"https:\\\/\\\/handballshop.hu\\\/en\\\/payment-methods\\\/\",\"url\":\"https:\\\/\\\/handballshop.hu\\\/en\\\/payment-methods\\\/\",\"name\":\"Payment methods - MKSZ Webshop\",\"isPartOf\":{\"@id\":\"https:\\\/\\\/handballshop.hu\\\/#website\"},\"primaryImageOfPage\":{\"@id\":\"https:\\\/\\\/handballshop.hu\\\/en\\\/payment-methods\\\/#primaryimage\"},\"image\":{\"@id\":\"https:\\\/\\\/handballshop.hu\\\/en\\\/payment-methods\\\/#primaryimage\"},\"thumbnailUrl\":\"https:\\\/\\\/handballshop.hu\\\/\\\/wp-content\\\/uploads\\\/2020\\\/08\\\/playhandball-fizetesi-modok-kkh-cimke-300x86-1.png\",\"datePublished\":\"2017-01-30T17:14:41+00:00\",\"dateModified\":\"2021-06-10T09:08:29+00:00\",\"breadcrumb\":{\"@id\":\"https:\\\/\\\/handballshop.hu\\\/en\\\/payment-methods\\\/#breadcrumb\"},\"inLanguage\":\"en-US\",\"potentialAction\":[{\"@type\":\"ReadAction\",\"target\":[\"https:\\\/\\\/handballshop.hu\\\/en\\\/payment-methods\\\/\"]}]},{\"@type\":\"ImageObject\",\"inLanguage\":\"en-US\",\"@id\":\"https:\\\/\\\/handballshop.hu\\\/en\\\/payment-methods\\\/#primaryimage\",\"url\":\"https:\\\/\\\/handballshop.hu\\\/\\\/wp-content\\\/uploads\\\/2020\\\/08\\\/playhandball-fizetesi-modok-kkh-cimke-300x86-1.png\",\"contentUrl\":\"https:\\\/\\\/handballshop.hu\\\/\\\/wp-content\\\/uploads\\\/2020\\\/08\\\/playhandball-fizetesi-modok-kkh-cimke-300x86-1.png\"},{\"@type\":\"BreadcrumbList\",\"@id\":\"https:\\\/\\\/handballshop.hu\\\/en\\\/payment-methods\\\/#breadcrumb\",\"itemListElement\":[{\"@type\":\"ListItem\",\"position\":1,\"name\":\"Home\",\"item\":\"https:\\\/\\\/handballshop.hu\\\/en\\\/\"},{\"@type\":\"ListItem\",\"position\":2,\"name\":\"Payment methods\"}]},{\"@type\":\"WebSite\",\"@id\":\"https:\\\/\\\/handballshop.hu\\\/#website\",\"url\":\"https:\\\/\\\/handballshop.hu\\\/\",\"name\":\"MKSZ Webshop\",\"description\":\"Magyar K\u00e9zilabda Sz\u00f6vets\u00e9g web\u00e1ruh\u00e1za\",\"potentialAction\":[{\"@type\":\"SearchAction\",\"target\":{\"@type\":\"EntryPoint\",\"urlTemplate\":\"https:\\\/\\\/handballshop.hu\\\/?s={search_term_string}\"},\"query-input\":{\"@type\":\"PropertyValueSpecification\",\"valueRequired\":true,\"valueName\":\"search_term_string\"}}],\"inLanguage\":\"en-US\"}]}<\/script>\n<!-- \/ Yoast SEO plugin. -->","yoast_head_json":{"title":"Payment methods - MKSZ Webshop","robots":{"index":"index","follow":"follow","max-snippet":"max-snippet:-1","max-image-preview":"max-image-preview:large","max-video-preview":"max-video-preview:-1"},"canonical":"https:\/\/handballshop.hu\/en\/payment-methods\/","og_locale":"en_US","og_type":"article","og_title":"Payment methods - MKSZ Webshop","og_description":"Cash Upon personal delivery an order can be paid in cash in our shop (1087. Budapest, K\u00f6nyves K\u00e1lm\u00e1n krt. 76) during opening hours, without any additional costs. Card You can pay by card online, as well as in our shop upon personal delivery. If you choose to pay online by card, you will be redirected [&hellip;]","og_url":"https:\/\/handballshop.hu\/en\/payment-methods\/","og_site_name":"MKSZ Webshop","article_modified_time":"2021-06-10T09:08:29+00:00","og_image":[{"url":"https:\/\/handballshop.hu\/\/wp-content\/uploads\/2020\/08\/playhandball-fizetesi-modok-kkh-cimke-300x86-1.png","type":"","width":"","height":""}],"twitter_card":"summary_large_image","twitter_misc":{"Est. reading time":"1 minute"},"schema":{"@context":"https:\/\/schema.org","@graph":[{"@type":"WebPage","@id":"https:\/\/handballshop.hu\/en\/payment-methods\/","url":"https:\/\/handballshop.hu\/en\/payment-methods\/","name":"Payment methods - MKSZ Webshop","isPartOf":{"@id":"https:\/\/handballshop.hu\/#website"},"primaryImageOfPage":{"@id":"https:\/\/handballshop.hu\/en\/payment-methods\/#primaryimage"},"image":{"@id":"https:\/\/handballshop.hu\/en\/payment-methods\/#primaryimage"},"thumbnailUrl":"https:\/\/handballshop.hu\/\/wp-content\/uploads\/2020\/08\/playhandball-fizetesi-modok-kkh-cimke-300x86-1.png","datePublished":"2017-01-30T17:14:41+00:00","dateModified":"2021-06-10T09:08:29+00:00","breadcrumb":{"@id":"https:\/\/handballshop.hu\/en\/payment-methods\/#breadcrumb"},"inLanguage":"en-US","potentialAction":[{"@type":"ReadAction","target":["https:\/\/handballshop.hu\/en\/payment-methods\/"]}]},{"@type":"ImageObject","inLanguage":"en-US","@id":"https:\/\/handballshop.hu\/en\/payment-methods\/#primaryimage","url":"https:\/\/handballshop.hu\/\/wp-content\/uploads\/2020\/08\/playhandball-fizetesi-modok-kkh-cimke-300x86-1.png","contentUrl":"https:\/\/handballshop.hu\/\/wp-content\/uploads\/2020\/08\/playhandball-fizetesi-modok-kkh-cimke-300x86-1.png"},{"@type":"BreadcrumbList","@id":"https:\/\/handballshop.hu\/en\/payment-methods\/#breadcrumb","itemListElement":[{"@type":"ListItem","position":1,"name":"Home","item":"https:\/\/handballshop.hu\/en\/"},{"@type":"ListItem","position":2,"name":"Payment methods"}]},{"@type":"WebSite","@id":"https:\/\/handballshop.hu\/#website","url":"https:\/\/handballshop.hu\/","name":"MKSZ Webshop","description":"Magyar K\u00e9zilabda Sz\u00f6vets\u00e9g web\u00e1ruh\u00e1za","potentialAction":[{"@type":"SearchAction","target":{"@type":"EntryPoint","urlTemplate":"https:\/\/handballshop.hu\/?s={search_term_string}"},"query-input":{"@type":"PropertyValueSpecification","valueRequired":true,"valueName":"search_term_string"}}],"inLanguage":"en-US"}]}},"_links":{"self":[{"href":"https:\/\/handballshop.hu\/en\/wp-json\/wp\/v2\/pages\/2876","targetHints":{"allow":["GET"]}}],"collection":[{"href":"https:\/\/handballshop.hu\/en\/wp-json\/wp\/v2\/pages"}],"about":[{"href":"https:\/\/handballshop.hu\/en\/wp-json\/wp\/v2\/types\/page"}],"author":[{"embeddable":true,"href":"https:\/\/handballshop.hu\/en\/wp-json\/wp\/v2\/users\/1"}],"replies":[{"embeddable":true,"href":"https:\/\/handballshop.hu\/en\/wp-json\/wp\/v2\/comments?post=2876"}],"version-history":[{"count":0,"href":"https:\/\/handballshop.hu\/en\/wp-json\/wp\/v2\/pages\/2876\/revisions"}],"wp:attachment":[{"href":"https:\/\/handballshop.hu\/en\/wp-json\/wp\/v2\/media?parent=2876"}],"curies":[{"name":"wp","href":"https:\/\/api.w.org\/{rel}","templated":true}]}}