{"id":2867,"date":"2017-02-28T10:54:08","date_gmt":"2017-02-28T09:54:08","guid":{"rendered":"https:\/\/handballshop.hu\/jegyvasarlas-gyik\/"},"modified":"2021-02-14T21:57:12","modified_gmt":"2021-02-14T20:57:12","slug":"faq","status":"publish","type":"page","link":"https:\/\/handballshop.hu\/en\/faq\/","title":{"rendered":"FAQ"},"content":{"rendered":"<h3>Hol tudok szem\u00e9lyesen jegyet v\u00e1s\u00e1rolni?<\/h3>\n<p>A Magyar K\u00e9zilabda Sz\u00f6vets\u00e9g K\u00e9zishopj\u00e1ban (1087 Budapest, K\u00f6nyves K\u00e1lm\u00e1n krt 76. sz\u00e1m), h\u00e9tf\u0151t\u0151l p\u00e9ntekig 12:00 \u00e9s 18:00 \u00f3ra k\u00f6z\u00f6tt.<\/p>\n<h3>Ha probl\u00e9m\u00e1m ad\u00f3dik a jegyv\u00e1s\u00e1rl\u00e1ssal, mikor \u00e9s hol \u00e9rhetem el az \u00fcgyf\u00e9lszolg\u00e1latot?<\/h3>\n<p>\u00dcgyf\u00e9lszolg\u00e1latunkat h\u00e9tf\u0151t\u0151l p\u00e9ntekig 12-18-ig \u00e9rheti el az al\u00e1bbi el\u00e9rhet\u0151s\u00e9geken:<br \/>\nTelefon:\u00a0\u00a0+36 1\u00a0766 45 77<br \/>\nE-mail:\u00a0<a href=\"mailto:kezishop@hbmp.hu\">kezishop@hbmp.hu<\/a><\/p>\n<h3>Kell regisztr\u00e1lni az internetes jegyv\u00e1s\u00e1rl\u00e1shoz?<\/h3>\n<p>Az www.kezilabdaszeretlek.hu oldalon t\u00f6rt\u00e9n\u0151 v\u00e1s\u00e1rl\u00e1s nem regisztr\u00e1ci\u00f3hoz k\u00f6t\u00f6tt, felhaszn\u00e1l\u00f3i fi\u00f3kj\u00e1nak kit\u00f6lt\u00e9s\u00e9vel azonban felgyors\u00edthatja j\u00f6v\u0151beni v\u00e1s\u00e1rl\u00e1sai menet\u00e9t. Szem\u00e9lyes adatainak \u00e9s a sz\u00e1ll\u00edt\u00e1si adatok megad\u00e1s\u00e1val k\u00e9s\u0151bbi rendel\u00e9sein\u00e9l automatikusan megjelennek ezek az inform\u00e1ci\u00f3k, \u00edgy ezeket nem kell minden rendel\u00e9s alkalm\u00e1val k\u00fcl\u00f6n megadnia.<\/p>\n<p>Ha regisztr\u00e1ci\u00f3 n\u00e9lk\u00fcl szeretne v\u00e1s\u00e1rolni, v\u00e1lassza a \u201eVEND\u00c9GK\u00c9NT V\u00c1S\u00c1RL\u00d3K\u201d opci\u00f3t, amennyiben regisztr\u00e1lt tag, a \u201eVISSZAT\u00c9R\u0150 V\u00c1S\u00c1RL\u00d3K\u201d opci\u00f3 alatt k\u00e9rj\u00fck, adja meg email c\u00edm\u00e9t \u00e9s jelszav\u00e1t.<\/p>\n<h3>Mi az az E-ticket?<\/h3>\n<p>Az E-ticket elektronikusan, PDF form\u00e1tumban k\u00fcld\u00f6tt jegy. Az E-ticketet e-mailben k\u00fcldj\u00fck el. K\u00e9rj\u00fck, minden megv\u00e1s\u00e1rolt jegyhez egyenk\u00e9nt nyomtassa ki az elk\u00fcld\u00f6tt PDF dokumentumot! A PDF dokumentum megnyit\u00e1s\u00e1hoz Adobe Reader programra van sz\u00fcks\u00e9g.<\/p>\n<h3>Hogyan m\u0171k\u00f6dik az E-ticket?<\/h3>\n<p>Az E-Ticket egy teljes \u00e9rt\u00e9k\u0171 elektronikus jegy. Az E-Ticketen l\u00e9v\u0151 sz\u00e1msor \u00e9s vonalk\u00f3d a rendel\u00e9ssel kapcsolatos \u00f6sszes inform\u00e1ci\u00f3t tartalmazza. Seg\u00edts\u00e9g\u00e9vel beazonos\u00edthat\u00f3 a jegy, ez\u00e9rt nincs sz\u00fcks\u00e9g egy\u00e9b biztons\u00e1gi jelre. A vonalk\u00f3dot a rendezv\u00e9ny helysz\u00edn\u00e9n bel\u00e9p\u00e9skor elektronikusan ellen\u0151rzik. Semmilyen k\u00f6r\u00fclm\u00e9nyek k\u00f6z\u00f6tt ne engedje, hogy illet\u00e9ktelen szem\u00e9ly m\u00e1solatot k\u00e9sz\u00edtsen az E-Ticketr\u0151l. Mivel a vonalk\u00f3d-olvas\u00f3 rendszer nem l\u00e1t k\u00fcl\u00f6nbs\u00e9get m\u00e1solt \u00e9s eredeti vonalk\u00f3d k\u00f6z\u00f6tt, ez\u00e9rt mindig az els\u0151 leh\u00fazott E-Ticketet fogadj\u00e1k el eredeti jegynek. Minden tov\u00e1bbi, azonos vonalk\u00f3ddal rendelkez\u0151 E-Ticket m\u00e1solatnak, azaz \u00e9rv\u00e9nytelen jegynek min\u0151s\u00fcl.<\/p>\n<p>K\u00e9rj\u00fck, hogy nyomtat\u00e1sn\u00e1l sima A\/4-es, feh\u00e9r, irodai pap\u00edrt haszn\u00e1ljon! A nyomtat\u00e1st ak\u00e1r tintasugaras, ak\u00e1r l\u00e9zernyomtat\u00f3 seg\u00edts\u00e9g\u00e9vel is elk\u00e9sz\u00edtheti. Fontos azonban, hogy a nyomtat\u00e1shoz ne haszn\u00e1lja a nyomtat\u00f3 gazdas\u00e1gos \u00fczemm\u00f3dj\u00e1t (draft printing), mert ez a vonalk\u00f3d torz megjelen\u00edt\u00e9s\u00e9t eredm\u00e9nyezheti.<\/p>\n<h3>Mit tehetek, ha a weblap nem m\u0171k\u00f6dik rendeltet\u00e9sszer\u0171en?<\/h3>\n<p>A www.kezilabdaszeretlek.hu oldal haszn\u00e1lat\u00e1hoz az al\u00e1bbi b\u00f6ng\u00e9sz\u0151 programok haszn\u00e1lat\u00e1t javasoljuk: Google Chrome, Mozilla Firefox. Amennyiben ezekt\u0151l elt\u00e9r\u0151 b\u00f6ng\u00e9sz\u0151vel haszn\u00e1lja a fel\u00fcletet \u00e9s a m\u0171k\u00f6d\u00e9s sor\u00e1n hib\u00e1t tapasztal, k\u00e9rj\u00fck pr\u00f3b\u00e1lja meg a fentebb jelzett programok valamelyik\u00e9vel a haszn\u00e1latot.<\/p>\n<h3>Honnan tudom, hogy milyen jegyeket tettem a kosaramba?<\/h3>\n<p>Ha a n\u00e9z\u0151t\u00e9ren egy jegyet kijel\u00f6l, az beker\u00fcl a kosar\u00e1ba. A \u201eKos\u00e1r\u201d gomb lenyom\u00e1s\u00e1val \u00e1tl\u00e9phet a kos\u00e1r fel\u00fcletre, ahol megn\u00e9zheti annak tartalm\u00e1t. A v\u00e1s\u00e1rl\u00e1s befejez\u00e9s\u00e9re az els\u0151 jegy kos\u00e1rba t\u00e9tel\u00e9t\u0151l sz\u00e1m\u00edtva 15\u00a0perce van. A weboldal b\u00e1rmely r\u00e9sz\u00e9n b\u00f6ng\u00e9szik, a lap jobb fels\u0151 sark\u00e1ban tal\u00e1lhat\u00f3 kos\u00e1r ikon megnyom\u00e1s\u00e1val a kosar\u00e1hoz juthat \u00e9s megn\u00e9zheti, milyen jegyeket \u00e9s\/vagy term\u00e9keket tett eddig a kos\u00e1rba.<\/p>\n<h3>Tudok jegyet foglalni?<\/h3>\n<p>Nem, a jegyek id\u0151leges foglal\u00e1sa nem lehets\u00e9ges. Amennyiben a jegyek kijel\u00f6l\u00e9s\u00e9t\u0151l sz\u00e1m\u00edtott 15 percen bel\u00fcl nem t\u00f6rt\u00e9nik meg a jegyek kifizet\u00e9se, a rendszer a kijel\u00f6lt jegyeket automatikusan felszabad\u00edtja, \u00e9s eladhat\u00f3 \u00e1llapotban visszahelyezi a n\u00e9z\u0151t\u00e9rre.<\/p>\n<h3>Honnan tudhatom, hogy rendel\u00e9semet megfelel\u0151en adtam le?<\/h3>\n<p>Ha sikeresen leadta megrendel\u00e9s\u00e9t a weboldalon, rendel\u00e9s\u00e9r\u0151l egy visszaigazol\u00f3 levelet kap az \u00d6n \u00e1ltal megadott email c\u00edm\u00e9re, mely tartalmazza rendel\u00e9se r\u00e9szleteit, mint a rendel\u00e9shez tartoz\u00f3 v\u00e1s\u00e1rl\u00e1si azonos\u00edt\u00f3t, \u00e1tv\u00e9teli \u00e9s fizet\u00e9si inform\u00e1ci\u00f3kat \u00e9s a v\u00e1s\u00e1rl\u00e1s teljes \u00f6sszeg\u00e9t. K\u00e9rj\u00fck, amennyiben nem kap rendel\u00e9s\u00e9r\u0151l visszaigazol\u00f3 emailt, vagy b\u00e1rmi probl\u00e9ma mer\u00fclne a rendel\u00e9s\u00e9vel kapcsolatba, keresse munkat\u00e1rsainkat a <a href=\"mailto:kezishop@hbmp.hu\">kezishop@hbmp.hu<\/a> e-mail c\u00edmen vagy CallCenter\u00fcnket a +36 1 435 42 60 telefonsz\u00e1mon.<\/p>\n<h3>Tudok jegyet visszav\u00e1ltani vagy cser\u00e9lni?<\/h3>\n<p>A jegyv\u00e1s\u00e1rl\u00e1s nem m\u00f3dos\u00edthat\u00f3, nem t\u00f6r\u00f6lhet\u0151 \u00e9s nem vonhat\u00f3 vissza. Visszav\u00e1lt\u00e1s illetve csere kiz\u00e1r\u00f3lag elmaradt m\u00e9rk\u0151z\u00e9s eset\u00e9n kezdem\u00e9nyezhet\u0151 a szervez\u0151 \u00e1ltal megadott felt\u00e9telek szerint.<br \/>\nFelh\u00edvjuk sz\u00edves figyelm\u00e9t, hogy a sz\u00e1ll\u00edt\u00e1si k\u00f6lts\u00e9g a m\u00e9rk\u0151z\u00e9s elmarad\u00e1sa eset\u00e9n nem ker\u00fcl visszat\u00e9r\u00edt\u00e9sre.<\/p>\n<h3>Mi a teend\u0151, ha nem kaptam emailben visszaigazol\u00e1st?<\/h3>\n<p>Amennyiben a bankk\u00e1rty\u00e1s fizet\u00e9si tranzakci\u00f3 ut\u00e1n a rendszer \u00e9rtes\u00edti \u00d6nt a sikeres v\u00e1s\u00e1rl\u00e1s t\u00e9ny\u00e9r\u0151l, azonnal k\u00fcld egy visszaigazol\u00e1st az \u00d6n \u00e1ltal megadott email c\u00edmre.<\/p>\n<p>Ha mindenben a le\u00edrtak szerint j\u00e1rt el \u00e9s m\u00e9gsem kap emailben visszaigazol\u00e1st, a k\u00f6vetkez\u0151 probl\u00e9m\u00e1k l\u00e9phettek fel:<\/p>\n<ul>\n<li><strong>Rosszul megadott emailc\u00edm:<\/strong> ellen\u0151rizze, hogy a megadott email c\u00edm helyes-e.<\/li>\n<li><strong>Visszaigazolatlan fizet\u00e9s:<\/strong> el\u0151fordulhat, hogy a kommunik\u00e1ci\u00f3 megszakad a bank fizet\u00e9si oldala \u00e9s a K\u00e9zishop szerverei k\u00f6z\u00f6tt. Ekkor b\u00e1r a bank megterheli a rendel\u00e9s \u00e9rt\u00e9k\u00e9vel a bankk\u00e1rty\u00e1j\u00e1t, a K\u00e9zishop viszont nem \u00e9rtes\u00fcl ennek sikeress\u00e9g\u00e9r\u0151l.<\/li>\n<\/ul>\n<p>Ha \u00fagy \u00e9rzi, hogy a rendel\u00e9s sor\u00e1n minden szempontb\u00f3l megfelel\u0151en j\u00e1rt el \u00e9s m\u00e9gsem j\u00f6tt meg a visszaigazol\u00e1s, k\u00e9rj\u00fck, mihamarabb jelezze azt a <a href=\"mailto:kezishop@hbmp.hu\">kezishop@hbmp.hu<\/a> email c\u00edmen, hogy a probl\u00e9m\u00e1t orvosolni tudjuk.<\/p>\n<h3>Mit tegyek, ha megszakad a tranzakci\u00f3?<\/h3>\n<p>A v\u00e1s\u00e1rl\u00e1si folyamat sor\u00e1n a jegyrendszer a k\u00fcl\u00f6nb\u00f6z\u0151 p\u00e9nz\u00fcgyi szolg\u00e1ltat\u00f3i fel\u00fcletekkel kommunik\u00e1l. E folyamatok sor\u00e1n k\u00e9rj\u00fck sz\u00edves t\u00fcrelm\u00e9t. A jegyrendszer minden v\u00e1s\u00e1rl\u00e1s eredm\u00e9ny\u00e9r\u0151l t\u00e1j\u00e9koztat\u00e1st k\u00fcld \u00d6nnek. Ne szak\u00edtsa meg a m\u00e1r megkezdett fizet\u00e9st, valamint ne z\u00e1rja be a b\u00f6ng\u00e9sz\u0151t! Az id\u0151 el\u0151tti kil\u00e9p\u00e9s, blokkol\u00e1s g\u00e1tolja a visszaigazol\u00f3 email megk\u00fcld\u00e9s\u00e9t. Technikai kommunik\u00e1ci\u00f3s hiba miatt megszakadhat a tranzakci\u00f3. Amennyiben ilyen jelens\u00e9get tapasztal, k\u00e9rj\u00fck ind\u00edtsa \u00fajra a v\u00e1s\u00e1rl\u00e1st.<\/p>\n<h3>Mikor teljes\u00fcl a v\u00e1s\u00e1rl\u00e1s?<\/h3>\n<p>Jegyv\u00e1s\u00e1rl\u00e1sa akkor tekinthet\u0151 v\u00e9glegesnek, amennyiben a fizet\u00e9si tranzakci\u00f3 sikeres, \u00e9s a jegyrendszerben a jegyek eladott st\u00e1tuszt kaptak. A weblap visszajelz\u00e9st ad a v\u00e1s\u00e1rl\u00e1s eredm\u00e9ny\u00e9r\u0151l \u00e9s megk\u00fcldi a sz\u00fcks\u00e9ges visszaigazol\u00e1st e-mailen. Amennyiben a visszaigazol\u00e1s egy \u00f3r\u00e1n bel\u00fcl nem \u00e9rkezik meg, ez nem felt\u00e9tlen\u00fcl jelenti a v\u00e1s\u00e1rl\u00e1s sikertelens\u00e9g\u00e9t. Ilyen esetben, k\u00e9rj\u00fck, ne kezdem\u00e9nyezzen \u00fajabb v\u00e1s\u00e1rl\u00e1st, hanem l\u00e9pjen kapcsolatba az \u00fcgyf\u00e9lszolg\u00e1lattal. A levelez\u0151 rendszerek saj\u00e1t be\u00e1ll\u00edt\u00e1sa, ha a visszaigazol\u00f3 email pl. lev\u00e9lszem\u00e9tbe ker\u00fcl, teh\u00e1t ez nem tekinthet\u0151 rendszerhib\u00e1nak. K\u00e9rj\u00fck, vizsg\u00e1lja \u00e1t a levelez\u0151je spam mapp\u00e1j\u00e1t is, \u00e9s l\u00e9pjen kapcsolatba az \u00fcgyf\u00e9lszolg\u00e1lattal, hogy bizonyoss\u00e1got kapjon v\u00e1s\u00e1rl\u00e1sa eredm\u00e9nyess\u00e9g\u00e9r\u0151l.<\/p>\n<h3>Hogyan tudom \u00e1tvenni a jegyeimet, ha a \u201eSZEM\u00c9LYES \u00c1TV\u00c9TEL\u201d opci\u00f3t v\u00e1lasztottam?<\/h3>\n<p>A v\u00e1s\u00e1rl\u00e1s lebonyol\u00edt\u00e1sa ut\u00e1n email-ben megkapott visszaigazol\u00e1s\/PDF voucher K\u00e9zishopban t\u00f6rt\u00e9n\u0151 bemutat\u00e1s\u00e1val tudja \u00e1tvenni megv\u00e1s\u00e1rolt jegyeit. A visszaigazol\u00e1sban szerepl\u0151 utalv\u00e1nyazonos\u00edt\u00f3 bemutat\u00e1sa ut\u00e1n adja \u00e1t a p\u00e9nzt\u00e1r a jegyeket. Amennyiben MPL h\u00e1zhozsz\u00e1ll\u00edt\u00e1st k\u00e9r, a fut\u00e1rszolg\u00e1lat a rendel\u00e9st\u0151l sz\u00e1m\u00edtott 5 munkanapon bel\u00fcl az \u00d6n \u00e1ltal megadott c\u00edmre k\u00e9zbes\u00edti a jegyeket. Amennyiben a rendel\u00e9sn\u00e9l E-Ticket-et k\u00e9rt, a visszaigazol\u00e1sban megk\u00fcld\u00f6tt PDF voucher seg\u00edts\u00e9g\u00e9vel nyomtathat\u00f3k ki a bel\u00e9p\u0151jegyek.<\/p>\n<h3>M\u00e1s is \u00e1tveheti a jegyeimet?<\/h3>\n<p>Az internetes v\u00e1s\u00e1rl\u00e1s sor\u00e1n kapott visszaigazol\u00e1s\/PDF voucher jegyp\u00e9nzt\u00e1r\u00e1ban t\u00f6rt\u00e9n\u0151 bemutat\u00e1s\u00e1val a v\u00e1s\u00e1rl\u00f3 szem\u00e9lyen k\u00edv\u00fcl m\u00e1s szem\u00e9ly is \u00e1tveheti a jegyeket. A visszaigazol\u00e1sban szerepl\u0151 utalv\u00e1nyazonos\u00edt\u00f3 ellen\u0151rz\u00e9se ut\u00e1n adja \u00e1t a jegyp\u00e9nzt\u00e1r a jegyeket. Szem\u00e9lyazonos\u00edt\u00e1s a jegyp\u00e9nzt\u00e1rban nem t\u00f6rt\u00e9nik.<\/p>\n","protected":false},"excerpt":{"rendered":"<p>Hol tudok szem\u00e9lyesen jegyet v\u00e1s\u00e1rolni? A Magyar K\u00e9zilabda Sz\u00f6vets\u00e9g K\u00e9zishopj\u00e1ban (1087 Budapest, K\u00f6nyves K\u00e1lm\u00e1n krt 76. sz\u00e1m), h\u00e9tf\u0151t\u0151l p\u00e9ntekig 12:00 \u00e9s 18:00 \u00f3ra k\u00f6z\u00f6tt. Ha probl\u00e9m\u00e1m ad\u00f3dik a jegyv\u00e1s\u00e1rl\u00e1ssal, mikor \u00e9s hol \u00e9rhetem el az \u00fcgyf\u00e9lszolg\u00e1latot? \u00dcgyf\u00e9lszolg\u00e1latunkat h\u00e9tf\u0151t\u0151l p\u00e9ntekig 12-18-ig \u00e9rheti el az al\u00e1bbi el\u00e9rhet\u0151s\u00e9geken: Telefon:\u00a0\u00a0+36 1\u00a0766 45 77 E-mail:\u00a0kezishop@hbmp.hu Kell regisztr\u00e1lni az internetes jegyv\u00e1s\u00e1rl\u00e1shoz? [&hellip;]<\/p>\n","protected":false},"author":1,"featured_media":0,"parent":0,"menu_order":12,"comment_status":"closed","ping_status":"closed","template":"","meta":{"_acf_changed":false,"itsec_x_frame_options":"","footnotes":""},"class_list":["post-2867","page","type-page","status-publish","hentry"],"acf":[],"yoast_head":"<!-- This site is optimized with the Yoast SEO plugin v27.5 - https:\/\/yoast.com\/product\/yoast-seo-wordpress\/ -->\n<title>FAQ - MKSZ Webshop<\/title>\n<meta name=\"robots\" content=\"index, follow, max-snippet:-1, max-image-preview:large, max-video-preview:-1\" \/>\n<link rel=\"canonical\" href=\"https:\/\/handballshop.hu\/en\/faq\/\" \/>\n<meta property=\"og:locale\" content=\"en_US\" \/>\n<meta property=\"og:type\" content=\"article\" \/>\n<meta property=\"og:title\" content=\"FAQ - MKSZ Webshop\" \/>\n<meta property=\"og:description\" content=\"Hol tudok szem\u00e9lyesen jegyet v\u00e1s\u00e1rolni? A Magyar K\u00e9zilabda Sz\u00f6vets\u00e9g K\u00e9zishopj\u00e1ban (1087 Budapest, K\u00f6nyves K\u00e1lm\u00e1n krt 76. sz\u00e1m), h\u00e9tf\u0151t\u0151l p\u00e9ntekig 12:00 \u00e9s 18:00 \u00f3ra k\u00f6z\u00f6tt. Ha probl\u00e9m\u00e1m ad\u00f3dik a jegyv\u00e1s\u00e1rl\u00e1ssal, mikor \u00e9s hol \u00e9rhetem el az \u00fcgyf\u00e9lszolg\u00e1latot? \u00dcgyf\u00e9lszolg\u00e1latunkat h\u00e9tf\u0151t\u0151l p\u00e9ntekig 12-18-ig \u00e9rheti el az al\u00e1bbi el\u00e9rhet\u0151s\u00e9geken: Telefon:\u00a0\u00a0+36 1\u00a0766 45 77 E-mail:\u00a0kezishop@hbmp.hu Kell regisztr\u00e1lni az internetes jegyv\u00e1s\u00e1rl\u00e1shoz? [&hellip;]\" \/>\n<meta property=\"og:url\" content=\"https:\/\/handballshop.hu\/en\/faq\/\" \/>\n<meta property=\"og:site_name\" content=\"MKSZ Webshop\" \/>\n<meta property=\"article:modified_time\" content=\"2021-02-14T20:57:12+00:00\" \/>\n<meta name=\"twitter:card\" content=\"summary_large_image\" \/>\n<meta name=\"twitter:label1\" content=\"Est. reading time\" \/>\n\t<meta name=\"twitter:data1\" content=\"8 minutes\" \/>\n<script type=\"application\/ld+json\" class=\"yoast-schema-graph\">{\"@context\":\"https:\\\/\\\/schema.org\",\"@graph\":[{\"@type\":\"WebPage\",\"@id\":\"https:\\\/\\\/handballshop.hu\\\/en\\\/faq\\\/\",\"url\":\"https:\\\/\\\/handballshop.hu\\\/en\\\/faq\\\/\",\"name\":\"FAQ - MKSZ Webshop\",\"isPartOf\":{\"@id\":\"https:\\\/\\\/handballshop.hu\\\/#website\"},\"datePublished\":\"2017-02-28T09:54:08+00:00\",\"dateModified\":\"2021-02-14T20:57:12+00:00\",\"breadcrumb\":{\"@id\":\"https:\\\/\\\/handballshop.hu\\\/en\\\/faq\\\/#breadcrumb\"},\"inLanguage\":\"en-US\",\"potentialAction\":[{\"@type\":\"ReadAction\",\"target\":[\"https:\\\/\\\/handballshop.hu\\\/en\\\/faq\\\/\"]}]},{\"@type\":\"BreadcrumbList\",\"@id\":\"https:\\\/\\\/handballshop.hu\\\/en\\\/faq\\\/#breadcrumb\",\"itemListElement\":[{\"@type\":\"ListItem\",\"position\":1,\"name\":\"Home\",\"item\":\"https:\\\/\\\/handballshop.hu\\\/en\\\/\"},{\"@type\":\"ListItem\",\"position\":2,\"name\":\"FAQ\"}]},{\"@type\":\"WebSite\",\"@id\":\"https:\\\/\\\/handballshop.hu\\\/#website\",\"url\":\"https:\\\/\\\/handballshop.hu\\\/\",\"name\":\"MKSZ Webshop\",\"description\":\"Magyar K\u00e9zilabda Sz\u00f6vets\u00e9g web\u00e1ruh\u00e1za\",\"potentialAction\":[{\"@type\":\"SearchAction\",\"target\":{\"@type\":\"EntryPoint\",\"urlTemplate\":\"https:\\\/\\\/handballshop.hu\\\/?s={search_term_string}\"},\"query-input\":{\"@type\":\"PropertyValueSpecification\",\"valueRequired\":true,\"valueName\":\"search_term_string\"}}],\"inLanguage\":\"en-US\"}]}<\/script>\n<!-- \/ Yoast SEO plugin. -->","yoast_head_json":{"title":"FAQ - MKSZ Webshop","robots":{"index":"index","follow":"follow","max-snippet":"max-snippet:-1","max-image-preview":"max-image-preview:large","max-video-preview":"max-video-preview:-1"},"canonical":"https:\/\/handballshop.hu\/en\/faq\/","og_locale":"en_US","og_type":"article","og_title":"FAQ - MKSZ Webshop","og_description":"Hol tudok szem\u00e9lyesen jegyet v\u00e1s\u00e1rolni? A Magyar K\u00e9zilabda Sz\u00f6vets\u00e9g K\u00e9zishopj\u00e1ban (1087 Budapest, K\u00f6nyves K\u00e1lm\u00e1n krt 76. sz\u00e1m), h\u00e9tf\u0151t\u0151l p\u00e9ntekig 12:00 \u00e9s 18:00 \u00f3ra k\u00f6z\u00f6tt. Ha probl\u00e9m\u00e1m ad\u00f3dik a jegyv\u00e1s\u00e1rl\u00e1ssal, mikor \u00e9s hol \u00e9rhetem el az \u00fcgyf\u00e9lszolg\u00e1latot? \u00dcgyf\u00e9lszolg\u00e1latunkat h\u00e9tf\u0151t\u0151l p\u00e9ntekig 12-18-ig \u00e9rheti el az al\u00e1bbi el\u00e9rhet\u0151s\u00e9geken: Telefon:\u00a0\u00a0+36 1\u00a0766 45 77 E-mail:\u00a0kezishop@hbmp.hu Kell regisztr\u00e1lni az internetes jegyv\u00e1s\u00e1rl\u00e1shoz? [&hellip;]","og_url":"https:\/\/handballshop.hu\/en\/faq\/","og_site_name":"MKSZ Webshop","article_modified_time":"2021-02-14T20:57:12+00:00","twitter_card":"summary_large_image","twitter_misc":{"Est. reading time":"8 minutes"},"schema":{"@context":"https:\/\/schema.org","@graph":[{"@type":"WebPage","@id":"https:\/\/handballshop.hu\/en\/faq\/","url":"https:\/\/handballshop.hu\/en\/faq\/","name":"FAQ - MKSZ Webshop","isPartOf":{"@id":"https:\/\/handballshop.hu\/#website"},"datePublished":"2017-02-28T09:54:08+00:00","dateModified":"2021-02-14T20:57:12+00:00","breadcrumb":{"@id":"https:\/\/handballshop.hu\/en\/faq\/#breadcrumb"},"inLanguage":"en-US","potentialAction":[{"@type":"ReadAction","target":["https:\/\/handballshop.hu\/en\/faq\/"]}]},{"@type":"BreadcrumbList","@id":"https:\/\/handballshop.hu\/en\/faq\/#breadcrumb","itemListElement":[{"@type":"ListItem","position":1,"name":"Home","item":"https:\/\/handballshop.hu\/en\/"},{"@type":"ListItem","position":2,"name":"FAQ"}]},{"@type":"WebSite","@id":"https:\/\/handballshop.hu\/#website","url":"https:\/\/handballshop.hu\/","name":"MKSZ Webshop","description":"Magyar K\u00e9zilabda Sz\u00f6vets\u00e9g web\u00e1ruh\u00e1za","potentialAction":[{"@type":"SearchAction","target":{"@type":"EntryPoint","urlTemplate":"https:\/\/handballshop.hu\/?s={search_term_string}"},"query-input":{"@type":"PropertyValueSpecification","valueRequired":true,"valueName":"search_term_string"}}],"inLanguage":"en-US"}]}},"_links":{"self":[{"href":"https:\/\/handballshop.hu\/en\/wp-json\/wp\/v2\/pages\/2867","targetHints":{"allow":["GET"]}}],"collection":[{"href":"https:\/\/handballshop.hu\/en\/wp-json\/wp\/v2\/pages"}],"about":[{"href":"https:\/\/handballshop.hu\/en\/wp-json\/wp\/v2\/types\/page"}],"author":[{"embeddable":true,"href":"https:\/\/handballshop.hu\/en\/wp-json\/wp\/v2\/users\/1"}],"replies":[{"embeddable":true,"href":"https:\/\/handballshop.hu\/en\/wp-json\/wp\/v2\/comments?post=2867"}],"version-history":[{"count":0,"href":"https:\/\/handballshop.hu\/en\/wp-json\/wp\/v2\/pages\/2867\/revisions"}],"wp:attachment":[{"href":"https:\/\/handballshop.hu\/en\/wp-json\/wp\/v2\/media?parent=2867"}],"curies":[{"name":"wp","href":"https:\/\/api.w.org\/{rel}","templated":true}]}}