{"id":2854,"date":"2020-08-25T23:16:42","date_gmt":"2020-08-25T21:16:42","guid":{"rendered":"https:\/\/handballshop.hu\/uzletunk\/"},"modified":"2021-02-14T21:53:52","modified_gmt":"2021-02-14T20:53:52","slug":"our-shop","status":"publish","type":"page","link":"https:\/\/handballshop.hu\/en\/our-shop\/","title":{"rendered":"Our shop"},"content":{"rendered":"<p><strong>Coming soon<br \/>\n<\/strong><\/p>\n","protected":false},"excerpt":{"rendered":"<p>Coming soon<\/p>\n","protected":false},"author":1,"featured_media":0,"parent":0,"menu_order":7,"comment_status":"closed","ping_status":"closed","template":"","meta":{"_acf_changed":false,"itsec_x_frame_options":"","footnotes":""},"class_list":["post-2854","page","type-page","status-publish","hentry"],"acf":[],"yoast_head":"<!-- This site is optimized with the Yoast SEO plugin v27.4 - https:\/\/yoast.com\/product\/yoast-seo-wordpress\/ -->\n<title>Our shop - MKSZ Webshop<\/title>\n<meta name=\"robots\" content=\"index, follow, max-snippet:-1, max-image-preview:large, max-video-preview:-1\" \/>\n<link rel=\"canonical\" href=\"https:\/\/handballshop.hu\/en\/our-shop\/\" \/>\n<meta property=\"og:locale\" content=\"en_US\" \/>\n<meta property=\"og:type\" content=\"article\" \/>\n<meta property=\"og:title\" content=\"Our shop - MKSZ Webshop\" \/>\n<meta property=\"og:description\" content=\"Coming soon\" \/>\n<meta property=\"og:url\" content=\"https:\/\/handballshop.hu\/en\/our-shop\/\" \/>\n<meta property=\"og:site_name\" content=\"MKSZ Webshop\" \/>\n<meta property=\"article:modified_time\" content=\"2021-02-14T20:53:52+00:00\" \/>\n<meta name=\"twitter:card\" content=\"summary_large_image\" \/>\n<script type=\"application\/ld+json\" class=\"yoast-schema-graph\">{\"@context\":\"https:\\\/\\\/schema.org\",\"@graph\":[{\"@type\":\"WebPage\",\"@id\":\"https:\\\/\\\/handballshop.hu\\\/en\\\/our-shop\\\/\",\"url\":\"https:\\\/\\\/handballshop.hu\\\/en\\\/our-shop\\\/\",\"name\":\"Our shop - MKSZ Webshop\",\"isPartOf\":{\"@id\":\"https:\\\/\\\/handballshop.hu\\\/#website\"},\"datePublished\":\"2020-08-25T21:16:42+00:00\",\"dateModified\":\"2021-02-14T20:53:52+00:00\",\"breadcrumb\":{\"@id\":\"https:\\\/\\\/handballshop.hu\\\/en\\\/our-shop\\\/#breadcrumb\"},\"inLanguage\":\"en-US\",\"potentialAction\":[{\"@type\":\"ReadAction\",\"target\":[\"https:\\\/\\\/handballshop.hu\\\/en\\\/our-shop\\\/\"]}]},{\"@type\":\"BreadcrumbList\",\"@id\":\"https:\\\/\\\/handballshop.hu\\\/en\\\/our-shop\\\/#breadcrumb\",\"itemListElement\":[{\"@type\":\"ListItem\",\"position\":1,\"name\":\"Home\",\"item\":\"https:\\\/\\\/handballshop.hu\\\/en\\\/\"},{\"@type\":\"ListItem\",\"position\":2,\"name\":\"Our shop\"}]},{\"@type\":\"WebSite\",\"@id\":\"https:\\\/\\\/handballshop.hu\\\/#website\",\"url\":\"https:\\\/\\\/handballshop.hu\\\/\",\"name\":\"MKSZ Webshop\",\"description\":\"Magyar K\u00e9zilabda Sz\u00f6vets\u00e9g web\u00e1ruh\u00e1za\",\"potentialAction\":[{\"@type\":\"SearchAction\",\"target\":{\"@type\":\"EntryPoint\",\"urlTemplate\":\"https:\\\/\\\/handballshop.hu\\\/?s={search_term_string}\"},\"query-input\":{\"@type\":\"PropertyValueSpecification\",\"valueRequired\":true,\"valueName\":\"search_term_string\"}}],\"inLanguage\":\"en-US\"}]}<\/script>\n<!-- \/ Yoast SEO plugin. -->","yoast_head_json":{"title":"Our shop - MKSZ Webshop","robots":{"index":"index","follow":"follow","max-snippet":"max-snippet:-1","max-image-preview":"max-image-preview:large","max-video-preview":"max-video-preview:-1"},"canonical":"https:\/\/handballshop.hu\/en\/our-shop\/","og_locale":"en_US","og_type":"article","og_title":"Our shop - MKSZ Webshop","og_description":"Coming soon","og_url":"https:\/\/handballshop.hu\/en\/our-shop\/","og_site_name":"MKSZ Webshop","article_modified_time":"2021-02-14T20:53:52+00:00","twitter_card":"summary_large_image","schema":{"@context":"https:\/\/schema.org","@graph":[{"@type":"WebPage","@id":"https:\/\/handballshop.hu\/en\/our-shop\/","url":"https:\/\/handballshop.hu\/en\/our-shop\/","name":"Our shop - MKSZ Webshop","isPartOf":{"@id":"https:\/\/handballshop.hu\/#website"},"datePublished":"2020-08-25T21:16:42+00:00","dateModified":"2021-02-14T20:53:52+00:00","breadcrumb":{"@id":"https:\/\/handballshop.hu\/en\/our-shop\/#breadcrumb"},"inLanguage":"en-US","potentialAction":[{"@type":"ReadAction","target":["https:\/\/handballshop.hu\/en\/our-shop\/"]}]},{"@type":"BreadcrumbList","@id":"https:\/\/handballshop.hu\/en\/our-shop\/#breadcrumb","itemListElement":[{"@type":"ListItem","position":1,"name":"Home","item":"https:\/\/handballshop.hu\/en\/"},{"@type":"ListItem","position":2,"name":"Our shop"}]},{"@type":"WebSite","@id":"https:\/\/handballshop.hu\/#website","url":"https:\/\/handballshop.hu\/","name":"MKSZ Webshop","description":"Magyar K\u00e9zilabda Sz\u00f6vets\u00e9g web\u00e1ruh\u00e1za","potentialAction":[{"@type":"SearchAction","target":{"@type":"EntryPoint","urlTemplate":"https:\/\/handballshop.hu\/?s={search_term_string}"},"query-input":{"@type":"PropertyValueSpecification","valueRequired":true,"valueName":"search_term_string"}}],"inLanguage":"en-US"}]}},"_links":{"self":[{"href":"https:\/\/handballshop.hu\/en\/wp-json\/wp\/v2\/pages\/2854","targetHints":{"allow":["GET"]}}],"collection":[{"href":"https:\/\/handballshop.hu\/en\/wp-json\/wp\/v2\/pages"}],"about":[{"href":"https:\/\/handballshop.hu\/en\/wp-json\/wp\/v2\/types\/page"}],"author":[{"embeddable":true,"href":"https:\/\/handballshop.hu\/en\/wp-json\/wp\/v2\/users\/1"}],"replies":[{"embeddable":true,"href":"https:\/\/handballshop.hu\/en\/wp-json\/wp\/v2\/comments?post=2854"}],"version-history":[{"count":0,"href":"https:\/\/handballshop.hu\/en\/wp-json\/wp\/v2\/pages\/2854\/revisions"}],"wp:attachment":[{"href":"https:\/\/handballshop.hu\/en\/wp-json\/wp\/v2\/media?parent=2854"}],"curies":[{"name":"wp","href":"https:\/\/api.w.org\/{rel}","templated":true}]}}