{"id":2850,"date":"2021-02-14T21:52:56","date_gmt":"2021-02-14T20:52:56","guid":{"rendered":"https:\/\/handballshop.hu\/?page_id=2850"},"modified":"2021-02-14T21:52:56","modified_gmt":"2021-02-14T20:52:56","slug":"ticket-purchase","status":"publish","type":"page","link":"https:\/\/handballshop.hu\/en\/ticket-purchase\/","title":{"rendered":"Ticket purchase"},"content":{"rendered":"<h2>A V\u00c1S\u00c1RL\u00c1S FOLYAMATA<\/h2>\n<p>Amennyiben seg\u00edts\u00e9gre van sz\u00fcks\u00e9ge az oldal haszn\u00e1lata sor\u00e1n, munkanapokon 12 \u00e9s 18 \u00f3ra k\u00f6z\u00f6tt a\u00a0+36 1\u00a0766 45 77 telefonsz\u00e1mon el\u00e9rhet benn\u00fcnket, k\u00e9szs\u00e9ggel \u00e1llunk rendelkez\u00e9s\u00e9re.<\/p>\n<p>Amennyiben b\u00e1rmi k\u00e9rd\u00e9se mer\u00fclne fel, a <a href=\"mailto:kezishop@hbmp.hu\">kezishop@hbmp.hu<\/a> email c\u00edmen tud seg\u00edts\u00e9get k\u00e9rni. A telefonon \u00e9s email-en kereszt\u00fcl \u00e9rkez\u0151 rendel\u00e9seket sajnos nem tudjuk teljes\u00edteni.<\/p>\n<h3>1. l\u00e9p\u00e9s: V\u00c1LASSZA KI JEGYEIT<\/h3>\n<p>Kattintson a \u201eJEGY\u201d gombra, majd a v\u00e1lasztott esem\u00e9ny mellett tal\u00e1lhat\u00f3 \u201eJEGYV\u00c1S\u00c1RL\u00c1S\u201d gombra.<\/p>\n<p>Jegyeit k\u00f6zvetlen\u00fcl a n\u00e9z\u0151t\u00e9r t\u00e9rk\u00e9p\u00e9r\u0151l v\u00e1laszthatja ki. Az egyes szektorokra val\u00f3 mutat\u00e1ssal inform\u00e1ci\u00f3t kaphat a szektorban l\u00e9v\u0151 helyek \u00e1rkateg\u00f3ri\u00e1j\u00e1r\u00f3l. A szektorra val\u00f3 kattint\u00e1ssal a szektor r\u00e9szletes k\u00e9pe jelenik meg az el\u00e9rhet\u0151 helyekkel. A kiv\u00e1lasztott helyekre val\u00f3 kattint\u00e1ssal helyezheti jegyeit a kosar\u00e1ba.<\/p>\n<p>Figyelem: A kiv\u00e1lasztott jegyek 15 percig ker\u00fclnek bele a bev\u00e1s\u00e1rl\u00f3kosar\u00e1ba a kiv\u00e1laszt\u00e1s ut\u00e1n. Egyszerre legfeljebb 10 db jegy v\u00e1laszthat\u00f3. Lehet\u0151s\u00e9ge van k\u00fcl\u00f6nb\u00f6z\u0151 \u00e1rukat tenni a bev\u00e1s\u00e1rl\u00f3kosar\u00e1ba, a jegyeken k\u00edv\u00fcl ak\u00e1r a webshopban tal\u00e1lhat\u00f3 term\u00e9kekb\u0151l is v\u00e1s\u00e1rolhat. A jobb fels\u0151 sarokban l\u00e9v\u0151 kos\u00e1r alatt folyamatosan l\u00e1thatja a lefoglalt jegyek sz\u00e1m\u00e1t \u00e9s a kiv\u00e1lasztott term\u00e9keket. A jegyeket \u00e9s a term\u00e9keket ak\u00e1r egyenk\u00e9nt ki-be pakolhatja a bev\u00e1s\u00e1rl\u00f3kosar\u00e1b\u00f3l, melyet b\u00e1rmikor el\u00e9rhet a lap tetej\u00e9n l\u00e9v\u0151 ikonra val\u00f3 kattint\u00e1ssal. Ha el\u00e9gedett a kos\u00e1r tartalm\u00e1val, k\u00e9rj\u00fck, haszn\u00e1lja a \u201eTOV\u00c1BB A P\u00c9NZT\u00c1RHOZ\u201d gombot.<\/p>\n<h3>2. l\u00e9p\u00e9s: SZ\u00c1LL\u00cdT\u00c1SI, SZ\u00c1ML\u00c1Z\u00c1SI \u00c9S FIZET\u00c9SI ADATOK MEGAD\u00c1SA<\/h3>\n<p>K\u00e9rj\u00fck adja meg szem\u00e9lyes adatait (n\u00e9v, e-mail c\u00edm, telefonsz\u00e1m), sz\u00e1ll\u00edt\u00e1si c\u00edm\u00e9t, jegy t\u00edpus\u00e1t (nyomtatott jegy vagy elektronikus jegy) majd v\u00e1lassza ki a k\u00edv\u00e1nt sz\u00e1ll\u00edt\u00e1si m\u00f3dot (szem\u00e9lyes \u00e1tv\u00e9tel vagy GLS\u00a0h\u00e1zhozsz\u00e1ll\u00edt\u00e1s) \u00e9s fizet\u00e9si m\u00f3dot. Ezut\u00e1n adja meg sz\u00e1ml\u00e1z\u00e1si c\u00edm\u00e9t, majd kattintson a \u201eTOV\u00c1BB: MEGRENDEL\u00c9S \u00c1TTEKINT\u00c9SE\u201d gombra.<\/p>\n<h3>3. l\u00e9p\u00e9s: MEGRENDEL\u00c9S \u00c1TTEKINT\u00c9SE<\/h3>\n<p>Ebben a l\u00e9p\u00e9sben \u00f6sszefoglalva l\u00e1thatja rendel\u00e9s\u00e9t, benne a kiv\u00e1lasztott jegyekkel, term\u00e9kekkel, sz\u00e1ll\u00edt\u00e1si d\u00edjakkal, sz\u00e1ml\u00e1z\u00e1si \u00e9s sz\u00e1ll\u00edt\u00e1si c\u00edmmel, fizet\u00e9si \u00e9s sz\u00e1ll\u00edt\u00e1si m\u00f3ddal. K\u00e9rj\u00fck, alaposan ellen\u0151rizze, hogy minden adat megfelel\u0151-e. Amennyiben igen, kattintson a \u201eFIZET\u00c9S BANKK\u00c1RTY\u00c1VAL\u201d gombra \u00e9s ezzel \u00e9rv\u00e9nyes\u00edti a v\u00e1s\u00e1rl\u00e1st.<\/p>\n<h3>4. l\u00e9p\u00e9s: V\u00c1S\u00c1RL\u00c1S J\u00d3V\u00c1HAGY\u00c1SA<\/h3>\n<p>Ekkor k\u00fcld\u00fcnk \u00d6nnek egy visszaigazol\u00f3 e-mailt, melyben v\u00e1s\u00e1rl\u00e1s\u00e1nak valamennyi fontos adata \u00e9s a rendel\u00e9s azonos\u00edt\u00f3ja is szerepel. Ezt a visszaigazol\u00e1st a nyomtat\u00f3 ikonra kattintva ak\u00e1r azonnal ki is nyomtathatja. Abban az esetben, ha az elektronikus jegy opci\u00f3t v\u00e1lasztotta, a visszaigazol\u00e1si emailben szerepl\u0151 elektronikus jegy\u00e9t is innen tudja kinyomtatni.<\/p>\n","protected":false},"excerpt":{"rendered":"<p>A V\u00c1S\u00c1RL\u00c1S FOLYAMATA Amennyiben seg\u00edts\u00e9gre van sz\u00fcks\u00e9ge az oldal haszn\u00e1lata sor\u00e1n, munkanapokon 12 \u00e9s 18 \u00f3ra k\u00f6z\u00f6tt a\u00a0+36 1\u00a0766 45 77 telefonsz\u00e1mon el\u00e9rhet benn\u00fcnket, k\u00e9szs\u00e9ggel \u00e1llunk rendelkez\u00e9s\u00e9re. Amennyiben b\u00e1rmi k\u00e9rd\u00e9se mer\u00fclne fel, a kezishop@hbmp.hu email c\u00edmen tud seg\u00edts\u00e9get k\u00e9rni. A telefonon \u00e9s email-en kereszt\u00fcl \u00e9rkez\u0151 rendel\u00e9seket sajnos nem tudjuk teljes\u00edteni. 1. l\u00e9p\u00e9s: V\u00c1LASSZA KI JEGYEIT [&hellip;]<\/p>\n","protected":false},"author":1,"featured_media":0,"parent":0,"menu_order":4,"comment_status":"closed","ping_status":"closed","template":"","meta":{"_acf_changed":false,"itsec_x_frame_options":"","footnotes":""},"class_list":["post-2850","page","type-page","status-publish","hentry"],"acf":[],"yoast_head":"<!-- This site is optimized with the Yoast SEO plugin v27.5 - https:\/\/yoast.com\/product\/yoast-seo-wordpress\/ -->\n<title>Ticket purchase - MKSZ Webshop<\/title>\n<meta name=\"robots\" content=\"index, follow, max-snippet:-1, max-image-preview:large, max-video-preview:-1\" \/>\n<link rel=\"canonical\" href=\"https:\/\/handballshop.hu\/en\/ticket-purchase\/\" \/>\n<meta property=\"og:locale\" content=\"en_US\" \/>\n<meta property=\"og:type\" content=\"article\" \/>\n<meta property=\"og:title\" content=\"Ticket purchase - MKSZ Webshop\" \/>\n<meta property=\"og:description\" content=\"A V\u00c1S\u00c1RL\u00c1S FOLYAMATA Amennyiben seg\u00edts\u00e9gre van sz\u00fcks\u00e9ge az oldal haszn\u00e1lata sor\u00e1n, munkanapokon 12 \u00e9s 18 \u00f3ra k\u00f6z\u00f6tt a\u00a0+36 1\u00a0766 45 77 telefonsz\u00e1mon el\u00e9rhet benn\u00fcnket, k\u00e9szs\u00e9ggel \u00e1llunk rendelkez\u00e9s\u00e9re. Amennyiben b\u00e1rmi k\u00e9rd\u00e9se mer\u00fclne fel, a kezishop@hbmp.hu email c\u00edmen tud seg\u00edts\u00e9get k\u00e9rni. A telefonon \u00e9s email-en kereszt\u00fcl \u00e9rkez\u0151 rendel\u00e9seket sajnos nem tudjuk teljes\u00edteni. 1. l\u00e9p\u00e9s: V\u00c1LASSZA KI JEGYEIT [&hellip;]\" \/>\n<meta property=\"og:url\" content=\"https:\/\/handballshop.hu\/en\/ticket-purchase\/\" \/>\n<meta property=\"og:site_name\" content=\"MKSZ Webshop\" \/>\n<meta name=\"twitter:card\" content=\"summary_large_image\" \/>\n<meta name=\"twitter:label1\" content=\"Est. reading time\" \/>\n\t<meta name=\"twitter:data1\" content=\"3 minutes\" \/>\n<script type=\"application\/ld+json\" class=\"yoast-schema-graph\">{\"@context\":\"https:\\\/\\\/schema.org\",\"@graph\":[{\"@type\":\"WebPage\",\"@id\":\"https:\\\/\\\/handballshop.hu\\\/en\\\/ticket-purchase\\\/\",\"url\":\"https:\\\/\\\/handballshop.hu\\\/en\\\/ticket-purchase\\\/\",\"name\":\"Ticket purchase - MKSZ Webshop\",\"isPartOf\":{\"@id\":\"https:\\\/\\\/handballshop.hu\\\/#website\"},\"datePublished\":\"2021-02-14T20:52:56+00:00\",\"breadcrumb\":{\"@id\":\"https:\\\/\\\/handballshop.hu\\\/en\\\/ticket-purchase\\\/#breadcrumb\"},\"inLanguage\":\"en-US\",\"potentialAction\":[{\"@type\":\"ReadAction\",\"target\":[\"https:\\\/\\\/handballshop.hu\\\/en\\\/ticket-purchase\\\/\"]}]},{\"@type\":\"BreadcrumbList\",\"@id\":\"https:\\\/\\\/handballshop.hu\\\/en\\\/ticket-purchase\\\/#breadcrumb\",\"itemListElement\":[{\"@type\":\"ListItem\",\"position\":1,\"name\":\"Home\",\"item\":\"https:\\\/\\\/handballshop.hu\\\/en\\\/\"},{\"@type\":\"ListItem\",\"position\":2,\"name\":\"Ticket purchase\"}]},{\"@type\":\"WebSite\",\"@id\":\"https:\\\/\\\/handballshop.hu\\\/#website\",\"url\":\"https:\\\/\\\/handballshop.hu\\\/\",\"name\":\"MKSZ Webshop\",\"description\":\"Magyar K\u00e9zilabda Sz\u00f6vets\u00e9g web\u00e1ruh\u00e1za\",\"potentialAction\":[{\"@type\":\"SearchAction\",\"target\":{\"@type\":\"EntryPoint\",\"urlTemplate\":\"https:\\\/\\\/handballshop.hu\\\/?s={search_term_string}\"},\"query-input\":{\"@type\":\"PropertyValueSpecification\",\"valueRequired\":true,\"valueName\":\"search_term_string\"}}],\"inLanguage\":\"en-US\"}]}<\/script>\n<!-- \/ Yoast SEO plugin. -->","yoast_head_json":{"title":"Ticket purchase - MKSZ Webshop","robots":{"index":"index","follow":"follow","max-snippet":"max-snippet:-1","max-image-preview":"max-image-preview:large","max-video-preview":"max-video-preview:-1"},"canonical":"https:\/\/handballshop.hu\/en\/ticket-purchase\/","og_locale":"en_US","og_type":"article","og_title":"Ticket purchase - MKSZ Webshop","og_description":"A V\u00c1S\u00c1RL\u00c1S FOLYAMATA Amennyiben seg\u00edts\u00e9gre van sz\u00fcks\u00e9ge az oldal haszn\u00e1lata sor\u00e1n, munkanapokon 12 \u00e9s 18 \u00f3ra k\u00f6z\u00f6tt a\u00a0+36 1\u00a0766 45 77 telefonsz\u00e1mon el\u00e9rhet benn\u00fcnket, k\u00e9szs\u00e9ggel \u00e1llunk rendelkez\u00e9s\u00e9re. Amennyiben b\u00e1rmi k\u00e9rd\u00e9se mer\u00fclne fel, a kezishop@hbmp.hu email c\u00edmen tud seg\u00edts\u00e9get k\u00e9rni. A telefonon \u00e9s email-en kereszt\u00fcl \u00e9rkez\u0151 rendel\u00e9seket sajnos nem tudjuk teljes\u00edteni. 1. l\u00e9p\u00e9s: V\u00c1LASSZA KI JEGYEIT [&hellip;]","og_url":"https:\/\/handballshop.hu\/en\/ticket-purchase\/","og_site_name":"MKSZ Webshop","twitter_card":"summary_large_image","twitter_misc":{"Est. reading time":"3 minutes"},"schema":{"@context":"https:\/\/schema.org","@graph":[{"@type":"WebPage","@id":"https:\/\/handballshop.hu\/en\/ticket-purchase\/","url":"https:\/\/handballshop.hu\/en\/ticket-purchase\/","name":"Ticket purchase - MKSZ Webshop","isPartOf":{"@id":"https:\/\/handballshop.hu\/#website"},"datePublished":"2021-02-14T20:52:56+00:00","breadcrumb":{"@id":"https:\/\/handballshop.hu\/en\/ticket-purchase\/#breadcrumb"},"inLanguage":"en-US","potentialAction":[{"@type":"ReadAction","target":["https:\/\/handballshop.hu\/en\/ticket-purchase\/"]}]},{"@type":"BreadcrumbList","@id":"https:\/\/handballshop.hu\/en\/ticket-purchase\/#breadcrumb","itemListElement":[{"@type":"ListItem","position":1,"name":"Home","item":"https:\/\/handballshop.hu\/en\/"},{"@type":"ListItem","position":2,"name":"Ticket purchase"}]},{"@type":"WebSite","@id":"https:\/\/handballshop.hu\/#website","url":"https:\/\/handballshop.hu\/","name":"MKSZ Webshop","description":"Magyar K\u00e9zilabda Sz\u00f6vets\u00e9g web\u00e1ruh\u00e1za","potentialAction":[{"@type":"SearchAction","target":{"@type":"EntryPoint","urlTemplate":"https:\/\/handballshop.hu\/?s={search_term_string}"},"query-input":{"@type":"PropertyValueSpecification","valueRequired":true,"valueName":"search_term_string"}}],"inLanguage":"en-US"}]}},"_links":{"self":[{"href":"https:\/\/handballshop.hu\/en\/wp-json\/wp\/v2\/pages\/2850","targetHints":{"allow":["GET"]}}],"collection":[{"href":"https:\/\/handballshop.hu\/en\/wp-json\/wp\/v2\/pages"}],"about":[{"href":"https:\/\/handballshop.hu\/en\/wp-json\/wp\/v2\/types\/page"}],"author":[{"embeddable":true,"href":"https:\/\/handballshop.hu\/en\/wp-json\/wp\/v2\/users\/1"}],"replies":[{"embeddable":true,"href":"https:\/\/handballshop.hu\/en\/wp-json\/wp\/v2\/comments?post=2850"}],"version-history":[{"count":0,"href":"https:\/\/handballshop.hu\/en\/wp-json\/wp\/v2\/pages\/2850\/revisions"}],"wp:attachment":[{"href":"https:\/\/handballshop.hu\/en\/wp-json\/wp\/v2\/media?parent=2850"}],"curies":[{"name":"wp","href":"https:\/\/api.w.org\/{rel}","templated":true}]}}